{"id":1154,"date":"2023-04-20T14:21:32","date_gmt":"2023-04-20T12:21:32","guid":{"rendered":"https:\/\/www.procivicos.it\/protezione-civile-scientology\/?page_id=1154"},"modified":"2023-07-05T17:25:57","modified_gmt":"2023-07-05T15:25:57","slug":"faq","status":"publish","type":"page","link":"https:\/\/www.procivicos.it\/protezione-civile-scientology\/faq\/","title":{"rendered":"Risposte alle domande pi\u00f9 comuni"},"content":{"rendered":"\n\n\t<p><strong>Come \u00e8 nata la PROCIVICOS?<\/strong><\/p>\n<p>Una associazione nasce grazie all&#8217;iniziativa di alcune persone che vogliono aiutare in un settore specifico del volontariato. E&#8217; stato cos\u00ec anche per la PROCIVICOS. Gi\u00e0 dagli anni &#8217;80 i Ministri Volontari di <strong>Scientology<\/strong> torinesi erano molto attivi in molti campi umanitari. Alcuni di loro volevano prestare aiuto alla cittadinanza colpita da calamit\u00e0, altri cercavano di sensibilizzare le persone al fine di limitare le calamit\u00e0 o incidenti contribuendo ad accrescere la cultura della prevenzione.<\/p>\nDato che in Italia questo tipo di volontariato rientra nell&#8217;ambito della <strong>Protezione Civile<\/strong> hanno deciso di formare una associazione che operasse in questo campo ed \u00e8 cos\u00ec dall&#8217;ormai lontano 2000.<br \/>\nMinistri Volontari in Italia, negli anni successivi, prendendo spunto dall&#8217;esperienza di Torino, hanno formato altre PROCIVICOS come a Milano, Verona, Gallura, Emilia Romagna. Altre ancora sono in via di ufficializzazione.\n<p><strong>Che differenza c&#8217;\u00e8 tra i Ministri Volontari di Scientology e la PROCIVICOS?<\/strong><\/p>\n<p>La prima cosa da sapere \u00e8 che il vero acronimo istituzionale della nostra associazione \u00e8 PRO.CIVI.CO.S., ossia volontari di <strong>PRO<\/strong>tezione <strong>CIVI<\/strong>le della <strong>CO<\/strong>munit\u00e0 di <strong>S<\/strong>cientology. Successivamente, nel corso degli anni, per amore di brevit\u00e0 di linguaggio tra noi volontari, \u00e8 diventato PROCIVICOS, senza punti.<\/p>\nQuello dei Ministri Volontari \u00e8 un programma umanitario internazionale creato a met\u00e0 degli anni &#8217;70 da L. Ron Hubbard. Oggi rappresenta un movimento che conta 200.000 unit\u00e0 in tutto il mondo. Intervengono ovunque vi sia bisogno di sostegno morale e materiale in situazioni di calamit\u00e0 o di pace e contribuiscono a supportare le operazioni di soccorso. Tuttavia in altre nazioni, a differenza dell&#8217;Italia, non esiste un sistema cos\u00ec ben organizzato del volontariato di <strong>Protezione Civile<\/strong>.<br \/>\nPertanto la PROCIVICOS e i Ministri Volontari sono fondamentalmente la stessa cosa, ma in Italia si sono costituiti ufficialmente nell&#8217;ambito e rispetto del sistema coordinato come richiesto dalle leggi e norma vigenti nel nostro paese.\n<strong>I Ministri Volontari fanno parte della Chiesa di Scientology. Sono quindi Ministri religiosi?<br \/>\n<\/strong>In senso generale la parola &#8220;Ministro&#8221; significa &#8220;Chi \u00e8 addetto al servizio e all&#8217;assistenza di altri&#8221; [Vocabolario Treccani]. Come in ogni chiesa anche nella Chiesa di <strong>Scientology<\/strong> vi sono sia Ministri ordinati che officiano funzioni religiose e consulenze pastorali sia Ministri laici che collaborano con altre associazioni, enti, cittadini e gruppi di miglioramento sociale. I Ministri Volontari li includono entrambi, ma quelli facenti parte della PROCIVICOS agiscono nell&#8217;ambito del volontariato secolare (laico) alla stessa stregua di altre chiese e religioni che offrono personale volontario in vari ambiti del sociale.\n<strong>Per essere volontari PROCIVICOS bisogna essere membri o fedeli di Scientology?<br \/>\n<\/strong>No, anche se la maggioranza lo sono. Al momento ne fanno parte almeno 4 persone che non sono fedeli di <strong>Scientology<\/strong>. Per maggiori informazioni su requisiti e modalit\u00e0 per iscriversi e diventare volontari della nostra organizzazione di <strong>protezione civile<\/strong> cliccare nella sezione &#8220;<a href=\"https:\/\/www.procivicos.it\/protezione-civile-scientology\/contatti\/aiuta-con-noi\/\"><strong>AIUTA CON NOI!<\/strong><\/a>&#8220;.\n<strong>Cosa fanno i volontari PROCIVICOS quando non si verificano calamit\u00e0 o emergenze?<\/strong><br \/>\nPartecipano a corsi di aggiornamento o formazione, campi scuola o esercitazioni per migliorare la loro preparazione e ad affinare la coordinazione con le altre associazioni ed enti con i quali operano in rete. Organizzano inoltre manifestazioni ed eventi per far conoscere l&#8217;associazione e il volontariato di <strong>Protezione Civile<\/strong> o partecipano a manifestazioni ed eventi ai quali vengono invitati.<br \/>\nDivulgano informazioni educative volte a creare un clima di cooperazione tra la cittadinanza con l&#8217;intento di contribuire a migliorare il rispetto reciproco e la tutela dell&#8217;ambiente e ad accrescere la cultura della prevenzione di calamit\u00e0, incidenti e disordini sociali.\n<strong>Con quali enti o gruppi collabora la PROCIVICOS?<\/strong><br \/>\nFa parte del Centro Operativo Misto (COM) che coordina il volontariato di <strong>Protezione Civile<\/strong> della Provincia di Torino. E&#8217; iscritta nell&#8217;elenco nazionale del Dipartimento di Protezione Civile della Presidenza del Consiglio dei Ministri. Dal 2004 \u00e8 convenzionata con la Citt\u00e0 di Torino ed \u00e8 una delle associazioni che costituiscono la Sezione Comunale. E&#8217; tra le associazioni che hanno formato la Commissione di <strong>Protezione Civile<\/strong> in seno al Centro Servizi per il Volontariato VSSP. Collabora con numerose altre associazioni anche nell&#8217;ambito delle Pubbliche Assistenze ed enti quali i Vigili del Fuoco e le Forze dell&#8217;Ordine.\n<strong>Qual \u00e8 il motto della PROCIVICOS?<\/strong><br \/>\nE&#8217; lo stesso dei Ministri Volontari: &#8220;Qualcosa si pu\u00f2 fare&#8221;. E&#8217; un messaggio di speranza. Incita a fare qualcosa ed aiutare piuttosto che stare a guardare o preoccuparsi, o ancora peggio giudicare chi aiuta. Qualcosa pu\u00f2 sempre essere fatto se si intende sinceramente aiutare.\n<strong>Come si finanzia l&#8217;associazione?<\/strong><br \/>\nCome tutte le associazioni ha un suo conto corrente al quale chiunque voglia pu\u00f2 inviare un contributo volontario. Da qualche anno usufruisce del 5 per mille. Come parte della Sezione Comunale di <strong>protezione civile<\/strong> riceve un piccolo rimborso spese in base ai servizi dei volontari messi a disposizione della Citt\u00e0 di Torino quando richiesti. Spesso i volontari usano denaro proprio per spostamenti o altre attivit\u00e0 in particolare quando si tratta di iniziative non richieste da enti esterni, come il Comune, ma decise in proprio.\n<strong>Qual \u00e8 la peculiarit\u00e0 della PROCIVICOS?<\/strong><br \/>\nPrivilegia l&#8217;aspetto umano a quello materiale. Pur sapendo che in caso di calamit\u00e0 le prime necessit\u00e0 sono salute, tetto e cibo i volontari dell&#8217;organizzazione di <strong>protezione civile<\/strong> PROCIVICOS una volta soddisfatte queste necessit\u00e0 primarie, contribuiscono in modo importante a ripristinare il pi\u00f9 in fretta possibile anche la speranza, per quanto possibile l&#8217;allegria e la voglia di continuare nonostante tutto. I volontari PROCIVICOS ad esempio sono esperti nel fornire &#8220;assistenze di emergenza&#8221;, specifiche azioni di comunicazione usate per alleviare un disagio o dolore del presente ed aiutare una persona a riprendersi pi\u00f9 rapidamente. Per questo motivo nei campi di San Giacomo in Abruzzo o in Emilia Romagna sono stati incaricati di organizzare anche momenti educativi, di ricreazione o svago per la popolazione sfollata. Nell&#8217;ambito della Commissione di <strong>Protezione Civile<\/strong> sono stati incaricati di occuparsi della Segreteria, ossia dell&#8217;intera gestione delle comunicazioni interne ed esterne ad un campo e della loro coordinazione.\n<strong>Quali strumenti usano i volontari?<br \/>\n<\/strong>Dipende dal tipo di attivit\u00e0 in cui decidono di specializzarsi che pu\u00f2 andare dal primo soccorso alla segreteria di campo, dall&#8217;allestimento del campo alle attivit\u00e0 ricreative.\n<strong>In che modo i volontari che sono anche fedeli di Scientology conciliano la loro religione con il volontariato?<br \/>\n<\/strong>Il termine &#8220;<strong>Scientology<\/strong>&#8221; [dal latino Scio e dal greco Logos] significa Conoscenza, nel senso pi\u00f9 ampio e completo del termine. <strong>Scientology<\/strong> \u00e8 una religione dalla quale \u00e8 scaturita una chiesa. Tuttavia costituisce un corpo di conoscenza cos\u00ec ampio che pu\u00f2 essere applicato in qualsiasi aspetto dell&#8217;esistenza indipendentemente dalla credenza religiosa o dal fatto di essere fedeli o meno. Esistono ampie branche di <strong>Scientology<\/strong> che vengono usate a supporto della scienza medica, della fisica, dell&#8217;istruzione, di attivit\u00e0 organizzative, imprenditoriali etc.. Il tutto \u00e8 sempre rivolto a cercare di contribuire a creare un presente ed un futuro migliori per se stessi e per gli altri. Va da s\u00e9 che i volontari applichino ci\u00f2 che conoscono di <strong>Scientology<\/strong> al meglio delle loro possibilit\u00e0 per portare aiuto dove serve e ci\u00f2 si concilia perfettamente con la loro religione.\n\n","protected":false},"excerpt":{"rendered":"<p>Come \u00e8 nata la PROCIVICOS? Una associazione nasce grazie all&#8217;iniziativa di alcune persone che vogliono aiutare in un settore specifico del volontariato. E&#8217; stato cos\u00ec anche per la PROCIVICOS. Gi\u00e0 dagli anni &#8217;80 i Ministri Volontari di Scientology torinesi erano molto attivi in molti campi umanitari. Alcuni di loro volevano prestare aiuto alla cittadinanza colpita [&hellip;]<\/p>\n","protected":false},"author":1,"featured_media":573,"parent":0,"menu_order":0,"comment_status":"closed","ping_status":"closed","template":"","meta":{"site-sidebar-layout":"default","site-content-layout":"","ast-site-content-layout":"default","site-content-style":"default","site-sidebar-style":"default","ast-global-header-display":"","ast-banner-title-visibility":"","ast-main-header-display":"","ast-hfb-above-header-display":"","ast-hfb-below-header-display":"","ast-hfb-mobile-header-display":"","site-post-title":"","ast-breadcrumbs-content":"","ast-featured-img":"","footer-sml-layout":"","theme-transparent-header-meta":"","adv-header-id-meta":"","stick-header-meta":"","header-above-stick-meta":"","header-main-stick-meta":"","header-below-stick-meta":"","astra-migrate-meta-layouts":"default","ast-page-background-enabled":"default","ast-page-background-meta":{"desktop":{"background-color":"","background-image":"","background-repeat":"repeat","background-position":"center center","background-size":"auto","background-attachment":"scroll","background-type":"","background-media":"","overlay-type":"","overlay-color":"","overlay-opacity":"","overlay-gradient":""},"tablet":{"background-color":"","background-image":"","background-repeat":"repeat","background-position":"center center","background-size":"auto","background-attachment":"scroll","background-type":"","background-media":"","overlay-type":"","overlay-color":"","overlay-opacity":"","overlay-gradient":""},"mobile":{"background-color":"","background-image":"","background-repeat":"repeat","background-position":"center center","background-size":"auto","background-attachment":"scroll","background-type":"","background-media":"","overlay-type":"","overlay-color":"","overlay-opacity":"","overlay-gradient":""}},"ast-content-background-meta":{"desktop":{"background-color":"var(--ast-global-color-5)","background-image":"","background-repeat":"repeat","background-position":"center center","background-size":"auto","background-attachment":"scroll","background-type":"","background-media":"","overlay-type":"","overlay-color":"","overlay-opacity":"","overlay-gradient":""},"tablet":{"background-color":"var(--ast-global-color-5)","background-image":"","background-repeat":"repeat","background-position":"center center","background-size":"auto","background-attachment":"scroll","background-type":"","background-media":"","overlay-type":"","overlay-color":"","overlay-opacity":"","overlay-gradient":""},"mobile":{"background-color":"var(--ast-global-color-5)","background-image":"","background-repeat":"repeat","background-position":"center center","background-size":"auto","background-attachment":"scroll","background-type":"","background-media":"","overlay-type":"","overlay-color":"","overlay-opacity":"","overlay-gradient":""}},"footnotes":""},"class_list":["post-1154","page","type-page","status-publish","has-post-thumbnail","hentry"],"_links":{"self":[{"href":"https:\/\/www.procivicos.it\/protezione-civile-scientology\/wp-json\/wp\/v2\/pages\/1154"}],"collection":[{"href":"https:\/\/www.procivicos.it\/protezione-civile-scientology\/wp-json\/wp\/v2\/pages"}],"about":[{"href":"https:\/\/www.procivicos.it\/protezione-civile-scientology\/wp-json\/wp\/v2\/types\/page"}],"author":[{"embeddable":true,"href":"https:\/\/www.procivicos.it\/protezione-civile-scientology\/wp-json\/wp\/v2\/users\/1"}],"replies":[{"embeddable":true,"href":"https:\/\/www.procivicos.it\/protezione-civile-scientology\/wp-json\/wp\/v2\/comments?post=1154"}],"version-history":[{"count":4,"href":"https:\/\/www.procivicos.it\/protezione-civile-scientology\/wp-json\/wp\/v2\/pages\/1154\/revisions"}],"predecessor-version":[{"id":1721,"href":"https:\/\/www.procivicos.it\/protezione-civile-scientology\/wp-json\/wp\/v2\/pages\/1154\/revisions\/1721"}],"wp:featuredmedia":[{"embeddable":true,"href":"https:\/\/www.procivicos.it\/protezione-civile-scientology\/wp-json\/wp\/v2\/media\/573"}],"wp:attachment":[{"href":"https:\/\/www.procivicos.it\/protezione-civile-scientology\/wp-json\/wp\/v2\/media?parent=1154"}],"curies":[{"name":"wp","href":"https:\/\/api.w.org\/{rel}","templated":true}]}}