{"id":209,"date":"2014-04-22T21:43:51","date_gmt":"2014-04-22T19:43:51","guid":{"rendered":"https:\/\/www.procivicos.it\/protezione-civile-scientology\/?page_id=209"},"modified":"2023-04-18T15:50:19","modified_gmt":"2023-04-18T13:50:19","slug":"aiuta-con-noi","status":"publish","type":"page","link":"https:\/\/www.procivicos.it\/protezione-civile-scientology\/contatti\/aiuta-con-noi\/","title":{"rendered":"Aiuta con noi!"},"content":{"rendered":"\n\n\t\t\t\t<img loading=\"lazy\" decoding=\"async\" src=\"https:\/\/www.procivicos.it\/protezione-civile-scientology\/wp-content\/uploads\/2017\/05\/Unknown-23.jpg\" alt=\"Unknown-23\" itemprop=\"image\" height=\"720\" width=\"1280\" title=\"Unknown-23\" onerror=\"this.style.display='none'\"  \/>\n\t<p>Se hai aperto questa pagina vuol dire che in qualche modo sei interessato a sapere come diventare un volontario di protezione civile, forse un volontario PROCIVICOS<\/p>\n<p>Non sembra, ma \u00e8 importante perch\u00e9 informarsi dimostra gi\u00e0 un certo interesse.<\/p>\n<p>Il mondo del volontariato \u00e8 particolare perch\u00e9 \u00e8 una scelta profonda e del tutto indipendente di dedicare una parte del proprio tempo e disponibilit\u00e0 senza alcun ritorno personale.<\/p>\n<p>Ci\u00f2 che si ha &#8220;in cambio&#8221; dall&#8217;associarsi \u00e8 unicamente la compagnia; il fatto di non sentirsi &#8220;gli unici&#8221; a provare questo moto incondizionato di aiutare che, in un mondo almeno apparentemente cos\u00ec egoista e cinico, ci fa sentire &#8220;strani&#8221;.<\/p>\n<p>Comunque, se non hai fatto gi\u00e0 parte di associazioni o del mondo del volontariato ti accorgerai presto di essere, per fortuna, in compagnia di moltissime persone.<\/p>\n<p>A Torino sono presenti un numero inimmaginabile di associazioni e i Centri di Servizio per il Volontariato come VSSP e Idea Solidale sapranno darti informazioni generali sul vasto panorama della solidariet\u00e0 del quale, naturalmente, la Protezione Civile \u00e8 solo una parte.<\/p>\n<p>Per quanto ci riguarda, il nostro gruppo \u00e8 composto da una ventina di volontari, ma intendiamo ingrandirci visto che lo scopo dell&#8217;associazione \u00e8 espandere il proprio raggio d&#8217;azione. A seguito di questa intenzione la nostra presenza \u00e8 sempre pi\u00f9 richiesta nei vari ambiti nei quali operiamo (per maggiori informazioni su questo vedi le risposte alle domande comuni nella home page) .<\/p>\n<p>Se ti piace quello che hai appreso fin qui sul nostro conto vuol dire che potresti essere dei nostri e ne saremmo molto lieti!<\/p>\n<p>Iscriverti \u00e8 semplice:&nbsp; comporta la compilazione di un apposito modulo e un contributo di \u20ac 25 annui comprensivo di copertura assicurativa obbligatoria.<\/p>\n<p>Se a questo punto vuoi saperne ancora di pi\u00f9 ti suggeriamo di fissare un appuntamento e incontrare un nostro volontario incaricato delle iscrizioni.<\/p>\n<p>Chiama lo 011 85 30 12<\/p>\n\n","protected":false},"excerpt":{"rendered":"<p>Se hai aperto questa pagina vuol dire che in qualche modo sei interessato a sapere come diventare un volontario di protezione civile, forse un volontario PROCIVICOS Non sembra, ma \u00e8 importante perch\u00e9 informarsi dimostra gi\u00e0 un certo interesse. Il mondo del volontariato \u00e8 particolare perch\u00e9 \u00e8 una scelta profonda e del tutto indipendente di dedicare [&hellip;]<\/p>\n","protected":false},"author":1,"featured_media":0,"parent":20,"menu_order":0,"comment_status":"closed","ping_status":"closed","template":"","meta":{"site-sidebar-layout":"default","site-content-layout":"","ast-site-content-layout":"default","site-content-style":"default","site-sidebar-style":"default","ast-global-header-display":"","ast-banner-title-visibility":"","ast-main-header-display":"","ast-hfb-above-header-display":"","ast-hfb-below-header-display":"","ast-hfb-mobile-header-display":"","site-post-title":"","ast-breadcrumbs-content":"","ast-featured-img":"","footer-sml-layout":"","theme-transparent-header-meta":"","adv-header-id-meta":"","stick-header-meta":"","header-above-stick-meta":"","header-main-stick-meta":"","header-below-stick-meta":"","astra-migrate-meta-layouts":"default","ast-page-background-enabled":"default","ast-page-background-meta":{"desktop":{"background-color":"","background-image":"","background-repeat":"repeat","background-position":"center center","background-size":"auto","background-attachment":"scroll","background-type":"","background-media":"","overlay-type":"","overlay-color":"","overlay-opacity":"","overlay-gradient":""},"tablet":{"background-color":"","background-image":"","background-repeat":"repeat","background-position":"center center","background-size":"auto","background-attachment":"scroll","background-type":"","background-media":"","overlay-type":"","overlay-color":"","overlay-opacity":"","overlay-gradient":""},"mobile":{"background-color":"","background-image":"","background-repeat":"repeat","background-position":"center center","background-size":"auto","background-attachment":"scroll","background-type":"","background-media":"","overlay-type":"","overlay-color":"","overlay-opacity":"","overlay-gradient":""}},"ast-content-background-meta":{"desktop":{"background-color":"var(--ast-global-color-5)","background-image":"","background-repeat":"repeat","background-position":"center center","background-size":"auto","background-attachment":"scroll","background-type":"","background-media":"","overlay-type":"","overlay-color":"","overlay-opacity":"","overlay-gradient":""},"tablet":{"background-color":"var(--ast-global-color-5)","background-image":"","background-repeat":"repeat","background-position":"center center","background-size":"auto","background-attachment":"scroll","background-type":"","background-media":"","overlay-type":"","overlay-color":"","overlay-opacity":"","overlay-gradient":""},"mobile":{"background-color":"var(--ast-global-color-5)","background-image":"","background-repeat":"repeat","background-position":"center center","background-size":"auto","background-attachment":"scroll","background-type":"","background-media":"","overlay-type":"","overlay-color":"","overlay-opacity":"","overlay-gradient":""}},"footnotes":""},"class_list":["post-209","page","type-page","status-publish","hentry"],"_links":{"self":[{"href":"https:\/\/www.procivicos.it\/protezione-civile-scientology\/wp-json\/wp\/v2\/pages\/209"}],"collection":[{"href":"https:\/\/www.procivicos.it\/protezione-civile-scientology\/wp-json\/wp\/v2\/pages"}],"about":[{"href":"https:\/\/www.procivicos.it\/protezione-civile-scientology\/wp-json\/wp\/v2\/types\/page"}],"author":[{"embeddable":true,"href":"https:\/\/www.procivicos.it\/protezione-civile-scientology\/wp-json\/wp\/v2\/users\/1"}],"replies":[{"embeddable":true,"href":"https:\/\/www.procivicos.it\/protezione-civile-scientology\/wp-json\/wp\/v2\/comments?post=209"}],"version-history":[{"count":9,"href":"https:\/\/www.procivicos.it\/protezione-civile-scientology\/wp-json\/wp\/v2\/pages\/209\/revisions"}],"predecessor-version":[{"id":1108,"href":"https:\/\/www.procivicos.it\/protezione-civile-scientology\/wp-json\/wp\/v2\/pages\/209\/revisions\/1108"}],"up":[{"embeddable":true,"href":"https:\/\/www.procivicos.it\/protezione-civile-scientology\/wp-json\/wp\/v2\/pages\/20"}],"wp:attachment":[{"href":"https:\/\/www.procivicos.it\/protezione-civile-scientology\/wp-json\/wp\/v2\/media?parent=209"}],"curies":[{"name":"wp","href":"https:\/\/api.w.org\/{rel}","templated":true}]}}