{"id":36,"date":"2014-04-07T17:28:04","date_gmt":"2014-04-07T15:28:04","guid":{"rendered":"https:\/\/www.procivicos.it\/protezione-civile-scientology\/?page_id=36"},"modified":"2023-05-23T19:25:11","modified_gmt":"2023-05-23T17:25:11","slug":"terremoto-abruzzo-2009","status":"publish","type":"page","link":"https:\/\/www.procivicos.it\/protezione-civile-scientology\/attivita\/assistenza\/terremoto-abruzzo-2009\/","title":{"rendered":"Terremoto Abruzzo 2009"},"content":{"rendered":"\n\n\t<p>E&#8217; arrivato a portare un sorriso tra la gente della tendopoli anche Claudio Baglioni, che \u00e8 stato ricevuto dal capo della Protezione civile, Guido Bertolaso, alla tendopoli della Guardia di Finanza e ha poi fatto visita ai campi di Tempera, Centi Colella e San Giacomo. Qui Baglioni ha dedicato ai ragazzi del posto una festa a sorpresa, suonando per loro &#8220;Strada facendo&#8221;, una tra le sue canzoni pi\u00f9 celebri. &#8220;Lo faccio per dare a questa gente un segno di speranza &#8211; ha commentato &#8211; il mio \u00e8 un piccolo contributo ma sono contento di essere qui&#8221;. <em>(foto di Fabio Iuliano)<\/em><\/p>\n<p>Fonte <a href=\"http:\/\/ilcentro.gelocal.it\/foto-e-video\/2009\/06\/05\/fotogalleria\/claudio-baglioni-nella-tendopoli-1.5122485\" target=\"_blank\" rel=\"noopener nofollow\">http:\/\/ilcentro.gelocal.it\/foto-e-video\/2009\/06\/05\/fotogalleria\/claudio-baglioni-nella-tendopoli-1.5122485<\/a><\/p>\n<a href=\"https:\/\/www.procivicos.it\/protezione-civile-scientology\/wp-content\/uploads\/2023\/05\/sindacocampotorino.jpg\"><img loading=\"lazy\" decoding=\"async\" src=\"https:\/\/www.procivicos.it\/protezione-civile-scientology\/wp-content\/uploads\/2023\/05\/sindacocampotorino.jpg\" alt=\"\" width=\"310\" height=\"239\" \/><\/a>Prosegue senza intoppi la missione dei volontari della Protezione Civile della Citt\u00e0 di Torino in Abruzzo, a L&#8217;Aquila, presso la frazione San Giacomo. Con l&#8217;arrivo dei nuovi operatori, che hanno sostituto i volontari del turno precedente, continuano le attivit\u00e0 in aiuto degli sfollati iniziate a Pasqua, anzi se ne aggiungono di nuove. Con la fornitura di altri materiali da Torino, tra cui sei tende donate dall&#8217;AES, sono aumentati gli spazi disponibili. Cos\u00ec, ora sono una quarantina i ragazzi che possono frequentare le lezioni presso l&#8217;accampamento torinese: studenti della scuola dell&#8217;infanzia, elementare e media. E si sta pensando di allestire una &#8220;aula-tenda&#8221; anche per gli allievi delle superiori. Intanto, per favorire la socializzazione tra gli anziani (nella piazza dove si trova il Campo Torino c&#8217;era un centro dedicato a loro, ora chiuso per timori di crolli) \u00e8 stato creato un punto aggregativo dedicato alla &#8220;terza et\u00e0&#8221;, con televisore, lettore dvd, una piccola biblioteca e uno spazio per giocare a carte o chiacchierare.<br \/>\nSabato 2 maggio, il Campo \u00e8 stato visitato dal sindaco Sergio Chiamparino e dal direttore generale del Comune di Torino Giambattista Quirico, accompagnati dal sindaco di L&#8217;Aquila, Massimo Cialente. Tutti si sono complimentati con i volontari della Protezione Civile per il lavoro svolto e hanno preso accordi per inviare tecnici comunali che verifichino l&#8217;agibilit\u00e0 degli edifici della zona danneggiati dal sisma, sotto l&#8217;egida dell&#8217;ANCI.\n<p>Nella foto: <em>Sabato 2 maggio, il sindaco di Torino ha fatto visita ai volontari del Campo Torino<\/em><\/p>\n<p>M.Q.<\/p>\n<p>fonte <a href=\"http:\/\/www.comune.torino.it\/cgi-bin\/cittagora\/exec\/view.cgi\/1\/6552\" target=\"_blank\" rel=\"noopener nofollow\">http:\/\/www.comune.torino.it\/cgi-bin\/cittagora\/exec\/view.cgi\/1\/6552<\/a><\/p>\n<a href=\"http:\/\/www.procivicos.it\/wp-content\/uploads\/2014\/04\/protezione-civile-abruzzo-2009.jpg\"><img loading=\"lazy\" decoding=\"async\" src=\"https:\/\/www.procivicos.it\/protezione-civile-scientology\/wp-content\/uploads\/2014\/04\/protezione-civile-abruzzo-2009-300x180.jpg\" alt=\"protezione-civile-abruzzo-2009\" width=\"300\" height=\"180\" \/><\/a>Continua la missione della Citt\u00e0 di Torino in Abruzzo, a frazione San Giacomo. Venerd\u00ec 24 aprile, intorno alle ore 20, dal centro della Protezione Civile comunale di via delle Magnolie 5 sono partiti 45 volontari per L&#8217;Aquila. Con il compito di sostituire quelli precedentemente inviati, alla vigilia di Pasqua, in soccorso delle popolazioni terremotate. Del primo contingente, rimarr\u00e0 in Abruzzo solamente il responsabile del Campo Torino, Francesco Carenza, che prolungher\u00e0 il suo &#8220;soggiorno&#8221; fino al prossimo cambio turno, previsto per venerd\u00ec 8 maggio, per agevolare i passaggi di consegne e i rapporti con le istituzioni di L&#8217;Aquila e il comando della Protezione Civile nazionale. Ad accompagnare il nuovo gruppo per i primi giorni della loro missione sono andati Marco Varvelli, responsabile delle Associazioni in convenzione con la Citt\u00e0 (Sezione comunale) e Valter Bruscaini, coordinatore dei volontari del Gruppo comunale incardinato nella Direzione Protezione Civile e Trasmissioni.<br \/>\nDieci sono i &#8220;nuovi&#8221; volontari del Gruppo comunale partiti per la missione, trentatre quelli della Sezione comunale di Protezione Civile. Tra questi ultimi, quindici appartengono all&#8217;Associazione Volontari Alpini, tre al Corpo italiano di soccorso dell&#8217;Ordine di Malta, tre ai Pro.Civico.S &#8211; comunit\u00e0 di Scientology, tre all&#8217;associazione Subalpina, sei all&#8217;Associazione Nazionale Alpini (ANA) di Torino. Ci sono anche due &#8220;Psicologi per i Popoli&#8221; e due volontari della Croce Giallo-Azzurra, con compiti di assistenza sanitaria. Al Campo Torino \u00e8 inoltre sempre attivo un posto medico avanzato (PMA), con la presenza costante di un medico e la disponibilit\u00e0 di farmaci, donati dalle Farmacie comunali. Dall&#8217;AMIAT sono stati invece forniti gratuitamente sacchetti di plastica.<br \/>\nVice-capi della missione sono ora il sottoufficiale della Polizia Municipale Claudio Spinoglio e l&#8217;ispettore Ermanno Romagnolo.<br \/>\nLa vita al Campo Torino a San Giacomo-L&#8217;Aquila procede regolarmente, per quanto possibile in una situazione ancora di emergenza e di tempo instabile, con oltre 400 pasti forniti sia a pranzo che cena e con numerose attivit\u00e0 complementari. In particolare, sono una trentina i bambini e i ragazzi che frequentano attivit\u00e0 scolastiche e ricreative presso le strutture della Protezione Civile torinese. Sabato 2 maggio \u00e8 attesa al Campo la visita del sindaco Sergio Chiamparino.\nM.Q.\nfonte <a href=\"http:\/\/www.comune.torino.it\/cgi-bin\/cittagora\/exec\/view.cgi\/1\/6522\" target=\"_blank\" rel=\"noopener nofollow\">http:\/\/www.comune.torino.it\/cgi-bin\/cittagora\/exec\/view.cgi\/1\/6522<\/a>\n<p><a href=\"http:\/\/www.procivicos.it\/wp-content\/uploads\/2014\/04\/CronacaQui-250409.jpg\"><img loading=\"lazy\" decoding=\"async\" title=\"protezione civile scientology - procivicos\" src=\"https:\/\/www.procivicos.it\/protezione-civile-scientology\/wp-content\/uploads\/2014\/04\/CronacaQui-250409-259x300.jpg\" alt=\"CronacaQui 250409 - procivicos\" width=\"259\" height=\"300\" \/><\/a> <a href=\"http:\/\/www.procivicos.it\/wp-content\/uploads\/2014\/04\/cronacaqui-150509-procivicos.jpg\"><img loading=\"lazy\" decoding=\"async\" title=\"protezione civile scientology - procivicos\" src=\"https:\/\/www.procivicos.it\/protezione-civile-scientology\/wp-content\/uploads\/2014\/04\/cronacaqui-150509-procivicos-279x300.jpg\" alt=\"cronacaqui 150509 procivicos\" width=\"279\" height=\"300\" \/><\/a> <a href=\"http:\/\/www.procivicos.it\/wp-content\/uploads\/2014\/04\/DSC00048.jpg\"><img loading=\"lazy\" decoding=\"async\" title=\"volontari di protezione civile scientology (procivicos)\" src=\"https:\/\/www.procivicos.it\/protezione-civile-scientology\/wp-content\/uploads\/2014\/04\/DSC00048-300x200.jpg\" alt=\"procivicos - volontari di protezione civile di Scientology\" width=\"300\" height=\"200\" \/><\/a> <a href=\"http:\/\/www.procivicos.it\/wp-content\/uploads\/2014\/04\/riconoscimento-da-regione-Abruzzo.jpg\"><img loading=\"lazy\" decoding=\"async\" title=\"protezione civile scientology - procivicos\" src=\"https:\/\/www.procivicos.it\/protezione-civile-scientology\/wp-content\/uploads\/2014\/04\/riconoscimento-da-regione-Abruzzo-216x300.jpg\" alt=\"riconoscimento da regione Abruzzo - procivicos\" width=\"216\" height=\"300\" \/><\/a><\/p>\n\n","protected":false},"excerpt":{"rendered":"<p>E&#8217; arrivato a portare un sorriso tra la gente della tendopoli anche Claudio Baglioni, che \u00e8 stato ricevuto dal capo della Protezione civile, Guido Bertolaso, alla tendopoli della Guardia di Finanza e ha poi fatto visita ai campi di Tempera, Centi Colella e San Giacomo. Qui Baglioni ha dedicato ai ragazzi del posto una festa [&hellip;]<\/p>\n","protected":false},"author":1,"featured_media":0,"parent":1483,"menu_order":0,"comment_status":"closed","ping_status":"closed","template":"","meta":{"site-sidebar-layout":"default","site-content-layout":"","ast-site-content-layout":"default","site-content-style":"default","site-sidebar-style":"default","ast-global-header-display":"","ast-banner-title-visibility":"","ast-main-header-display":"","ast-hfb-above-header-display":"","ast-hfb-below-header-display":"","ast-hfb-mobile-header-display":"","site-post-title":"","ast-breadcrumbs-content":"","ast-featured-img":"","footer-sml-layout":"","theme-transparent-header-meta":"","adv-header-id-meta":"","stick-header-meta":"","header-above-stick-meta":"","header-main-stick-meta":"","header-below-stick-meta":"","astra-migrate-meta-layouts":"default","ast-page-background-enabled":"default","ast-page-background-meta":{"desktop":{"background-color":"","background-image":"","background-repeat":"repeat","background-position":"center center","background-size":"auto","background-attachment":"scroll","background-type":"","background-media":"","overlay-type":"","overlay-color":"","overlay-opacity":"","overlay-gradient":""},"tablet":{"background-color":"","background-image":"","background-repeat":"repeat","background-position":"center center","background-size":"auto","background-attachment":"scroll","background-type":"","background-media":"","overlay-type":"","overlay-color":"","overlay-opacity":"","overlay-gradient":""},"mobile":{"background-color":"","background-image":"","background-repeat":"repeat","background-position":"center center","background-size":"auto","background-attachment":"scroll","background-type":"","background-media":"","overlay-type":"","overlay-color":"","overlay-opacity":"","overlay-gradient":""}},"ast-content-background-meta":{"desktop":{"background-color":"var(--ast-global-color-5)","background-image":"","background-repeat":"repeat","background-position":"center center","background-size":"auto","background-attachment":"scroll","background-type":"","background-media":"","overlay-type":"","overlay-color":"","overlay-opacity":"","overlay-gradient":""},"tablet":{"background-color":"var(--ast-global-color-5)","background-image":"","background-repeat":"repeat","background-position":"center center","background-size":"auto","background-attachment":"scroll","background-type":"","background-media":"","overlay-type":"","overlay-color":"","overlay-opacity":"","overlay-gradient":""},"mobile":{"background-color":"var(--ast-global-color-5)","background-image":"","background-repeat":"repeat","background-position":"center center","background-size":"auto","background-attachment":"scroll","background-type":"","background-media":"","overlay-type":"","overlay-color":"","overlay-opacity":"","overlay-gradient":""}},"footnotes":""},"class_list":["post-36","page","type-page","status-publish","hentry"],"_links":{"self":[{"href":"https:\/\/www.procivicos.it\/protezione-civile-scientology\/wp-json\/wp\/v2\/pages\/36"}],"collection":[{"href":"https:\/\/www.procivicos.it\/protezione-civile-scientology\/wp-json\/wp\/v2\/pages"}],"about":[{"href":"https:\/\/www.procivicos.it\/protezione-civile-scientology\/wp-json\/wp\/v2\/types\/page"}],"author":[{"embeddable":true,"href":"https:\/\/www.procivicos.it\/protezione-civile-scientology\/wp-json\/wp\/v2\/users\/1"}],"replies":[{"embeddable":true,"href":"https:\/\/www.procivicos.it\/protezione-civile-scientology\/wp-json\/wp\/v2\/comments?post=36"}],"version-history":[{"count":21,"href":"https:\/\/www.procivicos.it\/protezione-civile-scientology\/wp-json\/wp\/v2\/pages\/36\/revisions"}],"predecessor-version":[{"id":1512,"href":"https:\/\/www.procivicos.it\/protezione-civile-scientology\/wp-json\/wp\/v2\/pages\/36\/revisions\/1512"}],"up":[{"embeddable":true,"href":"https:\/\/www.procivicos.it\/protezione-civile-scientology\/wp-json\/wp\/v2\/pages\/1483"}],"wp:attachment":[{"href":"https:\/\/www.procivicos.it\/protezione-civile-scientology\/wp-json\/wp\/v2\/media?parent=36"}],"curies":[{"name":"wp","href":"https:\/\/api.w.org\/{rel}","templated":true}]}}