{"id":428,"date":"2015-01-27T21:31:21","date_gmt":"2015-01-27T20:31:21","guid":{"rendered":"https:\/\/www.procivicos.it\/protezione-civile-scientology\/?page_id=428"},"modified":"2015-01-28T10:23:30","modified_gmt":"2015-01-28T09:23:30","slug":"convenzione-comune-torino-2015","status":"publish","type":"page","link":"https:\/\/www.procivicos.it\/protezione-civile-scientology\/chi-siamo\/convenzioni\/convenzione-comune-torino-2015\/","title":{"rendered":"Convenzione comune Torino 2015"},"content":{"rendered":"<p>Quello che segue \u00e8 il testo integrale della convenzione stipulata tra il Comune della citt\u00e0 di Torino con\u00a0 l\u2019Associazione PROCIVICOS Onlus\u00a0(volontari di protezione civile della comunit\u00e0 di Scientology)<\/p>\n<p style=\"text-align: center;\"><span style=\"text-decoration: underline;\"><strong>CONVENZIONE NUMERO 6\/2015 PER L&#8217;IMPEGNO DI RISORSE DEL VOLONTARIATO UMANE E STRUMENTALI PER INTERVENTI PREVENTIVI E IN EMERGENZA DI PROTEZIONE E DIFESA CIVILE<\/strong><\/span><\/p>\n<p style=\"text-align: left;\">La Citt\u00e0 di Torino, rappresentata dal Dirigente pro tempore del Servizio Protezione Civile dr. Gianmatteo CICOTERO, nato a Torino il 04\/04\/1957 ed elettivamente domiciliato presso la sede del suddetto Servizio, via delle Magnolie 5, al quale il Sindaco con Atto n. 0002176\/2014 ha conferito l&#8217;incarico di dirigente della Direzione Corpo di Polizia Municipale con l&#8217;incarico di Direzione del Servizio Protezione Civile<\/p>\n<p>L&#8217;Associazione\/Onlus P.A. NUOVO RINASCIMENTO &#8211; VOLONTARI DI PROTEZIONE CIVILE DELLA COMUNITA&#8217; DI SCIENTOLOGY siglabile PRO.CIVI.CO.S. con sede legale in Via Torino-Villar n . 2 PI\/CF 97540410012 (in Seguito definita \u201cAssociazione\u201d), in persona del legale rappresentante Sig Giuseppe TESIO Presidente.<\/p>\n<p style=\"text-align: center;\">PREMESSO<\/p>\n<ul>\n<li style=\"text-align: left;\">\u00a0che come previsto dalla deliberazione (i.(&#8216;. n.mecc.2006 07239\/028 del 17 ottobre 2006 la Citt\u00e0 di Torino intende continuare ad avvalersi di associazioni di volontari per l&#8217;attivit\u00e0 preventive e di emergenza di Protezione e Difesa Civile (attivit\u00e0 desumibili dalla normativa in materia di protezione civile e dal Piano di Emergenza Comunale)<\/li>\n<li style=\"text-align: left;\">che l&#8217;articolo 13 del Regolamento Comunale numero 364\/2013 approvato con deliberazione del C.C. numero mecc. 2013 00966\/028 in data 8 aprile 2013 (regolamento di protezione civile) consente alla citt\u00e0 di Torino di stipulare convenzioni con le Organizzazioni di Volontariato acquisizione risorse, generiche e specialistiche da impiegare in attivit\u00e0 di protezione civile;<\/li>\n<li style=\"text-align: left;\">Visti gli atti amministrativi presupposti:<br \/>\nBando Pubblico di selezione di 12 Associazioni di Volontariato da inserire nel sistema Protezione Civile del Comune di Torino pubblicato in data 23 Ottobre 2014;<br \/>\nVerbale della Commissione esaminatrice dei criteri di selezione delle Associazioni di Volontariato che hanno presentato domanda nei termini e modalit\u00e0 indicati(art. 3 e 5 del Bando) predetto in data 20\/10\/2014;<br \/>\nDeterminazione dirigenziale n. meccanografico 2014 07137028 del 17\/ 12\/2014 di presa d&#8217;atto del verbale della commissione ed impegno di spesa<\/li>\n<\/ul>\n<p style=\"text-align: center;\">SI CONVIENE E STIPULA QUANTO SEGUE:<\/p>\n<p style=\"text-align: center;\">Art. 1<br \/>\n(Oggetto)<\/p>\n<p>1. L&#8217;Associazione si impegna a concorrere con la citt\u00e0 di Torino alle attivit\u00e0 di previsione, prevenzione, soccorso e superamento dell&#8217;emergenza di protezione e difesa civile Sia in condizioni ordinarie sia in situazioni di emergenza mediante l&#8217;impiego di propri volontari, veicoli, materiali attrezzature ai sensi della legge 11 agosto 1991, n. 266 (Legge-quadro sul Volontariato).<\/p>\n<p>2. La Citt\u00e0 di Torino si impegna ad impiegare coordinare dette risposte quando \u00e8 richiesta del Servizio Protezione Civile ai sensi dell&#8217;art. 5 del Bando, nell&#8217;ambito di una unit\u00e0 operativa interassociativa denominata Sezione Comunale Volontariato di Protezione Civile (in seguito definita &#8220;Sezione Comunale&#8221;), nei modi e termini indicati nei seguenti articoli ed in conformit\u00e0 alla normativa vigente in materia (legge 225 \/1992 e s.m.i.).<\/p>\n<p style=\"text-align: center;\">Art. 2<br \/>\n(aree operative e attivit\u00e0 della sezione comunale)<\/p>\n<p>1. Le Associazioni\/Onlus che confluiscono nella Sezione Comunale garantiscono due aree d&#8217;intervento: operativa e logistica. Ll&#8217;area operativa provvede a fornire l&#8217;apporto diretto dei volontari nelle attivit\u00e0 di prevenzione soccorso, anche mediante l&#8217;utilizzo di proprie attrezzature tecniche ed i veicoli, per far fronte alle attivit\u00e0 in campo operativo, in particolare la tutela delle pubblica e privata incolumit\u00e0 delle strutture e infrastrutture che costituiscono il patrimonio cittadino. L&#8217;area logistica provvede all&#8217;individuazione, realizzazione e gestione delle infrastrutture volte a ospitare le persone colpite dalle emergenze e calamit\u00e0, nonch\u00e9\u00a0 provvede alla loro assistenza fisica e morale.<br \/>\n2. In condizioni ordinarie l&#8217;attivit\u00e0 di volontariato di previsione e prevenzione comprende le seguenti attivit\u00e0: monitoraggio sul territorio in relazione alle diverse tipologie di rischio; informazione alla popolazione; esercitazioni e simulazioni operative; presidi territoriali avanzati in occasione di grandi eventi; impiego di attrezzature e veicoli speciali.<br \/>\n3. In condizioni di emergenza l&#8217;attivit\u00e0 di volontariato di soccorso e superamento dell&#8217;emergenza comprende, mediante l&#8217;impiego di attrezzature veicoli speciali, le seguenti attivit\u00e0: soccorso e assistenza alla popolazione, diramazione degli allarmi e delle informazioni, quantificazione dei danni a persone, edifici e infrastrutture, ricognizioni\/evacuazioni delle aree sensibili\/colpite, realizzazione di presidi territoriali di sicurezza.<br \/>\n4. L&#8217;Associazione\/Onlus garantisce che, per lo svolgimento dell&#8217;attivit\u00e0 di cui ai commi precedenti gli operatori volontari siano in possesso delle necessarie cognizioni tecniche-pratiche e dell&#8217;adeguato abbigliamento tecnico uniformato, conforme alle caratteristiche previste per l&#8217;abbigliamento del Volontariato di protezione civile nella Regione Piemonte.<br \/>\n5. Per fronteggiare le attivit\u00e0 in condizione ordinaria o in emergenza, su attivazione del Servizio di Protezione Civile ciascun Associazione\/Onlus garantisce l&#8217;intervento di una squadra di volontari in pronta reperibilit\u00e0 H 24 composta di almeno n. 5 unit\u00e0.<\/p>\n<p style=\"text-align: center;\">Art 3<br \/>\n(Coordinatore e Vice Coordinatore)<\/p>\n<p>1. I Presidenti delle Associazioni\/Onlus aderenti alla presente convenzione nominano a maggioranza, il Coordinatore e i Vice Coordinatori della Sezione Comunale (organico dei Vice Coordinatori indicativamente in 2-3 unit\u00e0) individuati tra il personale volontario delleAssociazioni\/Onlus di provata esperienza e capacit\u00e0 specifica, non avente cariche del Coordinamento Provinciale del Volontariato ho altre cariche incompatibili con la presente Convenzione.<br \/>\n2. Il Coordinatore e i Vice Coordinatori rimangono in carica un anno.<br \/>\n3. Alla scadenza degli incarichi delle nomine del Coordinatore e dei Vice Coordinatori devono essere formalmente comunicate dai Presidenti\u00a0delle Associazioni\/Onlus al Servizio Protezione Civile per presa d&#8217;atto<\/p>\n<p style=\"text-align: center;\">Art 4<br \/>\n(Compiti del Coordinatore e Vice Coordinatori)<\/p>\n<p>1. Il Coordinatore assume il coordinamento operativo dei volontari impiegati per le specifiche operazioni, su richiesta del Servizio Protezione Civile provvede ad assegnare gli incarichi ai singoli volontari e garantisce il pronto impiego della Sezione Comunale: per la gestione delle emergenze se necessario immediatamente la forza prevista dell&#8217;art. 2 punto 5, per la continuit\u00e0 del sistema protezione civile e le altre attivit\u00e0 ordinarie la forza richiesta dal Servizio Protezione Civile nell&#8217;ambito degli organici a disposizione di ciascuna Associazione<br \/>\n2. Il Coordinatore vigila sulla svolgimento delle attivit\u00e0 della Sezione Comunale avendo cura che le stesse vengano svolte dei Volontari con modalit\u00e0 tecnicamente corrette e nel rispetto della vigente normativa delle direttive impartite dal servizio Protezione Civile, anche in tema di sicurezza. \u00c8 inoltre, responsabile dei veicoli, dei locali e delle attrezzature comunali eventualmente affidati in uso alla Sezione Comunale.<br \/>\n3. Il coordinatore cura la redazione e sottoscrizione del consuntivo e delle certificazioni per i rimborsi delle spese sostenute per lo svolgimento dell&#8217;attivit\u00e0 operativa indicata nell&#8217;atto di attivazione del Servizio Protezione Civile.<br \/>\n4. Il coordinatore si adopera affinch\u00e9 le attivit\u00e0 ordinarie ed in emergenza siano rese con continuit\u00e0 per il periodo indicato nell&#8217;atto di attivazione e si impegna inoltre a dare immediata comunicazione di servizio Protezione Civile di eventuali interruzioni che per giustificati motivi intervengono nello svolgimento delle attivit\u00e0.<br \/>\n5. I Vice Coordinatori della Sezione Comunale sostituiscono il Coordinatore in caso di assenza o impedimento e svolgono in ogni caso tutte le attivit\u00e0 di cui ai precedenti punti 1 2 3 e 4.<\/p>\n<p style=\"text-align: center;\">Art. 5<br \/>\n(Attivazione e impiego dei volontari)<\/p>\n<p>1. Le risorse dell&#8217;Associazione\/Onlus sono attivate mediante richiesta del Sindaco o Assessore delegato, per il tramite del Servizio Protezione Civile che ne assume il diretto coordinamento.<br \/>\n2. L&#8217;attivazione, contenente la natura ed i tempi delle attivit\u00e0 richiesta, il numero dei volontari, la tipologia e la quantit\u00e0 dei veicoli e attrezzature da impiegare per ciascuna operazione, \u00e8 inoltrata con atto formale dal Servizio Protezione Civile, salvo casi di impossibilit\u00e0 e urgenza, al Coordinatore, ai Vice Coordinatori e per conoscenza ai Presidenti delle Associazioni inserite nell&#8217;organizzazione locale di protezione civile denominato &#8220;Sezione Comunale&#8221;.<br \/>\n3. Per garantire il corretto svolgimento di specifiche operazioni, il Servizio Protezione Civile pu\u00f2 autorizzare il Coordinatore e\/o i Vice Coordinatori all&#8217;uso di locali, materiali, attrezzature e veicoli comunali.<br \/>\n4. I singoli volontari da impiegare nelle attivit\u00e0 sono\u00a0 individuati dai Presidenti (o loro delegati) delle rispettive\u00a0Associazioni\/Onlus aderenti alla presente convenzione, tra i propri iscritti, nel numero ed in base ai requisiti soggettivi concordati con il Servizio Protezione Civile.<br \/>\n5. In condizioni di emergenza in caso di impedimento o irreperibilit\u00e0 del Coordinatore ho dei Vice Coordinatori, le singole Associazioni aderenti alla Sezione Comunale possono essere attivate direttamente dal Servizio Protezione Civile.<br \/>\n6. Il Servizio Protezione Civile qualora siano attribuiti ad un Volontario comportamenti manifestazioni contrari al corretto espletamento del servizio e\/o lesivi dell&#8217;immagine della Civica Amministrazione, ovvero, venga meno il requisito della idoneit\u00e0 fisica per l&#8217;impiego in determinate attivit\u00e0, richiede al Coordinatore\/Vice Coordinatori di provvedere alla sostituzione del Volontario<br \/>\n7. Nel caso di eventi che per loro natura non sono fronteggiabili con le forze e risorse del Comune, sono richiesti i rinforzi di cui l&#8217;articolo 15 della legge 225\/1992 e s.m.i. rubricato &#8220;Competenze del Comune&#8221;; in tal caso le\u00a0Associazioni\/Onlus sono a disposizione delle Autorit\u00e0 competenti al coordinamento dei servizi di emergenza e soccorso.<br \/>\n8. L&#8217;attivit\u00e0 dei volontari impiegati dal Sindaco, dell&#8217;Assessore delegato o dal Servizio Protezione Civile per attivit\u00e0 di protezione e difesa civile \u00e8 considerato a tutti gli effetti esercizio di un servizio comunale di pubblica necessit\u00e0.<\/p>\n<p style=\"text-align: center;\">Art. 6<br \/>\n(Addestramento)<\/p>\n<p>1. Il servizio Protezione Civile fornisce occasioni concrete per garantire l&#8217;adeguata preparazione tecnica dei volontari impiegati nella Sezione Comunale, mediante lo svolgimento di esercitazioni, attivit\u00e0 formative e addestrative atte a migliorare l&#8217;efficenza del sistema protezione civile.<\/p>\n<p style=\"text-align: center;\">Art. 7<br \/>\n(Rimborsi spese e contributi)<\/p>\n<p>1. Il Servizio Protezione Civile effettuare rimborsi per spese sostenute per conto dell&#8217;Amministrazione, preventivamente autorizzate e adeguatamente documentate, ai sensi dell&#8217;art. 12 del Regolamento di Protezione Civile.<br \/>\n2. I rimborsi spese di cui al comma precedente sono liquidati previa presentazione di documentazione giustificativa ovvero, in caso di impossibilit\u00e0 a produrre tale documentazione, previa presentazione di dettagliata autocertificazioni delle spese sostenute.<br \/>\n3. In relazione al tipo di servizio richiesto, a titolo di liquidazione del rimborso spese e ristorazione, il Servizio Protezione Civile pu\u00f2 cedere &#8220;buoni pasto comunali&#8221;, con modalit\u00e0 e limiti analoghi a quelli previsti per il personale del Comune, nella misura di uno o pi\u00f9 buoni per la persona nel caso di impiego impiego del personale volontario pure di tutti quei casi in cu,i per le disagiate condizioni climatiche dei luoghi operativi, appaia necessario provvedere alla ristorazione dei volontari.<br \/>\n4. Protezione Civile potr\u00e0, altres\u00ec, provvedere al rimborso delle spese di carburante sostenute dall&#8217;Associazione\/Onlus o da singoli volontari mediante cessioni di &#8220;buoni carburante comunali&#8221; in relazione ad apposita autocertificazione consultiva dei chilometri percorsi e del consumo medio di carburante. I rimborsi spese sono liquidati al Coordinatore\/Vice Coordinatori della Sezione che ne sottoscrive ricevuta.<br \/>\n5. La Civica Amministrazione concede, nei limiti di stanziamento di bilancio, contributi a favore delle\u00a0Associazioni\/Onlus di Volontariato inserite nel sistema di protezione civile del Comune di Torino selezionate per effetto di bando pubblico ed inserite nel piano di emergenza comunale, destinati a sostenere migliorare l&#8217;efficienza operativa di ciascuna Associazione\/Onlus, da ripartire ed erogare annualmente in proporzione alle risorse umane e strumentali effettivamente messe a disposizione.<br \/>\n6. Possono essere compresi altri rimborsi o benefici previsti dalla vigente normativa.<\/p>\n<p style=\"text-align: center;\">Art. 8<br \/>\n(Validit\u00e0 e durata)<\/p>\n<p>1. La presente convenzione ha durata triennale 15 gennaio 2015 &#8211; 15 gennaio 2018 decorrente dalla data di sottoscrizione.<\/p>\n<p style=\"text-align: center;\">Art. 9<br \/>\n(Composizione di controversie)<\/p>\n<p>1. Per le controversie derivanti dall&#8217;applicazione della presente Convenzione il foro competente \u00e8 quello di Torino.<\/p>\n","protected":false},"excerpt":{"rendered":"<p>Quello che segue \u00e8 il testo integrale della convenzione stipulata tra il Comune della citt\u00e0 di Torino con\u00a0 l\u2019Associazione PROCIVICOS Onlus\u00a0(volontari di protezione civile della comunit\u00e0 di Scientology) CONVENZIONE NUMERO 6\/2015 PER L&#8217;IMPEGNO DI RISORSE DEL VOLONTARIATO UMANE E STRUMENTALI PER INTERVENTI PREVENTIVI E IN EMERGENZA DI PROTEZIONE E DIFESA CIVILE La Citt\u00e0 di Torino, [&hellip;]<\/p>\n","protected":false},"author":1,"featured_media":0,"parent":82,"menu_order":0,"comment_status":"closed","ping_status":"open","template":"","meta":{"site-sidebar-layout":"default","site-content-layout":"","ast-site-content-layout":"default","site-content-style":"default","site-sidebar-style":"default","ast-global-header-display":"","ast-banner-title-visibility":"","ast-main-header-display":"","ast-hfb-above-header-display":"","ast-hfb-below-header-display":"","ast-hfb-mobile-header-display":"","site-post-title":"","ast-breadcrumbs-content":"","ast-featured-img":"","footer-sml-layout":"","theme-transparent-header-meta":"","adv-header-id-meta":"","stick-header-meta":"","header-above-stick-meta":"","header-main-stick-meta":"","header-below-stick-meta":"","astra-migrate-meta-layouts":"default","ast-page-background-enabled":"default","ast-page-background-meta":{"desktop":{"background-color":"","background-image":"","background-repeat":"repeat","background-position":"center center","background-size":"auto","background-attachment":"scroll","background-type":"","background-media":"","overlay-type":"","overlay-color":"","overlay-opacity":"","overlay-gradient":""},"tablet":{"background-color":"","background-image":"","background-repeat":"repeat","background-position":"center center","background-size":"auto","background-attachment":"scroll","background-type":"","background-media":"","overlay-type":"","overlay-color":"","overlay-opacity":"","overlay-gradient":""},"mobile":{"background-color":"","background-image":"","background-repeat":"repeat","background-position":"center center","background-size":"auto","background-attachment":"scroll","background-type":"","background-media":"","overlay-type":"","overlay-color":"","overlay-opacity":"","overlay-gradient":""}},"ast-content-background-meta":{"desktop":{"background-color":"var(--ast-global-color-5)","background-image":"","background-repeat":"repeat","background-position":"center center","background-size":"auto","background-attachment":"scroll","background-type":"","background-media":"","overlay-type":"","overlay-color":"","overlay-opacity":"","overlay-gradient":""},"tablet":{"background-color":"var(--ast-global-color-5)","background-image":"","background-repeat":"repeat","background-position":"center center","background-size":"auto","background-attachment":"scroll","background-type":"","background-media":"","overlay-type":"","overlay-color":"","overlay-opacity":"","overlay-gradient":""},"mobile":{"background-color":"var(--ast-global-color-5)","background-image":"","background-repeat":"repeat","background-position":"center center","background-size":"auto","background-attachment":"scroll","background-type":"","background-media":"","overlay-type":"","overlay-color":"","overlay-opacity":"","overlay-gradient":""}},"footnotes":""},"class_list":["post-428","page","type-page","status-publish","hentry"],"_links":{"self":[{"href":"https:\/\/www.procivicos.it\/protezione-civile-scientology\/wp-json\/wp\/v2\/pages\/428"}],"collection":[{"href":"https:\/\/www.procivicos.it\/protezione-civile-scientology\/wp-json\/wp\/v2\/pages"}],"about":[{"href":"https:\/\/www.procivicos.it\/protezione-civile-scientology\/wp-json\/wp\/v2\/types\/page"}],"author":[{"embeddable":true,"href":"https:\/\/www.procivicos.it\/protezione-civile-scientology\/wp-json\/wp\/v2\/users\/1"}],"replies":[{"embeddable":true,"href":"https:\/\/www.procivicos.it\/protezione-civile-scientology\/wp-json\/wp\/v2\/comments?post=428"}],"version-history":[{"count":13,"href":"https:\/\/www.procivicos.it\/protezione-civile-scientology\/wp-json\/wp\/v2\/pages\/428\/revisions"}],"predecessor-version":[{"id":442,"href":"https:\/\/www.procivicos.it\/protezione-civile-scientology\/wp-json\/wp\/v2\/pages\/428\/revisions\/442"}],"up":[{"embeddable":true,"href":"https:\/\/www.procivicos.it\/protezione-civile-scientology\/wp-json\/wp\/v2\/pages\/82"}],"wp:attachment":[{"href":"https:\/\/www.procivicos.it\/protezione-civile-scientology\/wp-json\/wp\/v2\/media?parent=428"}],"curies":[{"name":"wp","href":"https:\/\/api.w.org\/{rel}","templated":true}]}}