{"id":469,"date":"2015-06-19T18:18:47","date_gmt":"2015-06-19T16:18:47","guid":{"rendered":"https:\/\/www.procivicos.it\/protezione-civile-scientology\/?page_id=469"},"modified":"2018-05-28T15:47:10","modified_gmt":"2018-05-28T13:47:10","slug":"cookie-policy-2","status":"publish","type":"page","link":"https:\/\/www.procivicos.it\/protezione-civile-scientology\/cookie-policy-2\/","title":{"rendered":"cookie policy"},"content":{"rendered":"<h1>Informativa estesa Cookies<\/h1>\n<p>Con il presente documento, ai sensi degli artt. 13 e 122 del D. Lgs. 196\/2003 (\u201ccodice privacy\u201d) e del Provvedimento generale del Garante della privacy dell\u20198 maggio 2014, si fornisce agli utenti l\u2019informativa relativa ai cookie utilizzati dal sito web <strong>www.procivicos.it<\/strong>.<br \/>\nQuesta informativa \u00e8 raggiungibile da ogni punto del sito, mediante link a pi\u00e8 pagina, ai sensi dell\u2019art. 122 secondo comma del D.lgs. 196\/2003 e a seguito delle modalit\u00e0 semplificate per l\u2019informativa e l\u2019acquisizione del consenso per l\u2019uso dei cookie pubblicata sulla Gazzetta Ufficiale n.126 del 3 giugno 2014 e relativo registro dei provvedimenti n.229 dell\u20198 maggio 2014.<\/p>\n<p>In linea con la legislazione Europea, \u00e8 fondamentale che ogni utente del sito web comprenda cosa sono i cookie e per quale motivo vengono utilizzati, in modo che gli utenti stessi possano decidere consapevolmente se accettarne l\u2019utilizzo o no sui loro dispositivi.<\/p>\n<h2>Descrizione dei Cookies e loro tipologie<\/h2>\n<p>Un <strong>cookie<\/strong> \u00e8 un piccolo file di testo contenente un numero di identificazione univoco che viene trasferito dal sito web sul disco rigido del vostro computer attraverso un codice anonimo in grado di identificare il computer ma non l\u2019utente e di monitorare passivamente le vostre attivit\u00e0 sul sito.<\/p>\n<p>In base alla normativa precedentemente menzionata, cookie possono essere classificati in due categorie in base alle loro funzionalit\u00e0:<\/p>\n<p><strong>a. Cookie tecnici.<\/strong><br \/>\nI cookie tecnici sono quelli utilizzati al solo fine di &#8220;effettuare la trasmissione di una comunicazione su una rete di comunicazione elettronica, o nella misura strettamente necessaria al fornitore di un servizio della societ\u00e0 dell&#8217;informazione esplicitamente richiesto dall&#8217;abbonato o dall&#8217;utente a erogare tale servizio&#8221;<br \/>\nEssi non vengono utilizzati per scopi ulteriori e sono normalmente installati direttamente dal titolare o gestore del sito web. Possono essere suddivisi in cookie di navigazione o di sessione, che garantiscono la normale navigazione e fruizione del sito web (permettendo, ad esempio, di realizzare un acquisto o autenticarsi per accedere ad aree riservate); cookie analytics, assimilati ai cookie tecnici laddove utilizzati direttamente dal gestore del sito per raccogliere informazioni, in forma aggregata, sul numero degli utenti e su come questi visitano il sito stesso; cookie di funzionalit\u00e0, che permettono all&#8217;utente la navigazione in funzione di una serie di criteri selezionati (ad esempio, la lingua, i prodotti selezionati per l&#8217;acquisto) al fine di migliorare il servizio reso allo stesso.<br \/>\nPer l&#8217;installazione di tali cookie non \u00e8 richiesto il preventivo consenso degli utenti, mentre resta fermo l&#8217;obbligo di dare l&#8217;informativa ai sensi dell&#8217;art. 13 del Codice, che il gestore del sito, qualora utilizzi soltanto tali dispositivi, potr\u00e0 fornire con le modalit\u00e0 che ritiene pi\u00f9 idonee.<\/p>\n<p><strong>b. Cookie di profilazione.<\/strong><br \/>\nI cookie di profilazione sono volti a creare profili relativi all&#8217;utente e vengono utilizzati al fine di inviare messaggi pubblicitari in linea con le preferenze manifestate dallo stesso nell&#8217;ambito della navigazione in rete. In ragione della particolare invasivit\u00e0 che tali dispositivi possono avere nell&#8217;ambito della sfera privata degli utenti, la normativa europea e italiana prevede che l&#8217;utente debba essere adeguatamente informato sull&#8217;uso degli stessi ed esprimere cos\u00ec il proprio valido consenso.<br \/>\nAd essi si riferisce l&#8217;art. 122 del Codice laddove prevede che &#8220;l&#8217;archiviazione delle informazioni nell&#8217;apparecchio terminale di un contraente o di un utente o l&#8217;accesso a informazioni gi\u00e0 archiviate sono consentiti unicamente a condizione che il contraente o l&#8217;utente abbia espresso il proprio consenso dopo essere stato informato con le modalit\u00e0 semplificate di cui all&#8217;articolo 13, comma 3&#8221; (art. 122, comma 1, del Codice).<\/p>\n<p>Questo sito web utilizza cookie di tipo tecnico, per i quali non \u00e8 richiesto alcun consenso.<\/p>\n<p>Inoltre possono essere presenti cookie di terze parti, derivanti da banner di circuiti pubblicitari. Nel dettaglio, questi possono essere:<\/p>\n<p><strong>Cookie sulle prestazioni<\/strong><\/p>\n<p>Questi cookie raccolgono informazioni su come gli utenti utilizzano il sito web, ad esempio quali pagine vengono visitate pi\u00f9 spesso e se gli utenti ricevono messaggi di errore da queste pagine. Questi cookie non raccolgono informazioni che identificano un visitatore specifico. Tutte le informazioni raccolte da questi cookie sono aggregate e quindi anonime. Vengono utilizzate unicamente per migliorare il funzionamento del sito web.<\/p>\n<p><strong>Cookie derivati dalla pubblicit\u00e0<\/strong><\/p>\n<p>Questi servizi consentono di utilizzare i Dati dell\u2019Utente per finalit\u00e0 di comunicazione commerciale in diverse forme pubblicitarie, quali il banner, anche in relazione agli interessi dell\u2019Utente.<\/p>\n<p>Ci\u00f2 non significa che tutti i Dati Personali vengano utilizzati per questa finalit\u00e0. Dati e condizioni di utilizzo sono indicati di seguito.<br \/>\nAlcuni dei servizi di seguito indicati potrebbero utilizzare Cookie per identificare l\u2019Utente o utilizzare la tecnica del behavioral retargeting, ossia visualizzare annunci pubblicitari personalizzati in base agli interessi e al comportamento dell\u2019Utente, rilevati anche al di fuori di questa Applicazione. Per avere maggiori informazioni in merito, ti suggeriamo di verificare le informative privacy dei rispettivi servizi.<\/p>\n<p>Il presente sito web, secondo la normativa vigente, non \u00e8 tenuto a chiedere consenso per\u00a0<strong>cookie tecnici<\/strong>, in quanto necessari a fornire i servizi richiesti.<\/p>\n<p>Per tutte le altre tipologie di cookie il consenso pu\u00f2 essere espresso da chi naviga il sito attraverso le seguenti modalit\u00e0:<\/p>\n<ul>\n<li><strong>Attraverso la configurazione del browser<\/strong>\u00a0utilizzato o dei programmi informatici utilizzati per la navigazione del sito.<\/li>\n<li><strong>Attraverso la modifica delle impostazioni<\/strong>\u00a0nell\u2019uso dei servizi di terze parti.<\/li>\n<\/ul>\n<p>E\u2019 possibile, quindi, visitare il sito anche senza accettare la memorizzazione dei cookies, basta attivare l\u2019opzione \u201cnon accettare i cookie \u201c nel browser. La maggior parte dei browser accetta cookies automaticamente: il cambio di questa impostazione potrebbe generare una cattiva visualizzazione di questo e altri siti.<\/p>\n<p><strong>www.procivicos.it<\/strong> pu\u00f2 contenere\u00a0collegamenti ad altri siti Web che presentano una propria informativa sulla privacy che pu\u00f2 adottare politiche diverse: <strong>www.procivicos.it<\/strong> <strong>non risponde<\/strong>\u00a0di questi siti.<\/p>\n<h2>Google Analytics<\/h2>\n<p>Il\u00a0Sito utilizza Google Analytics. Si tratta di un servizio di analisi web fornito da Google Inc. (\u201cGoogle\u201d) che utilizza dei cookie che vengono depositati sul computer dell\u2019utente per consentire analisi statistiche in forma aggregata in ordine all\u2019utilizzo del sito web visitato.<br \/>\nI Dati generati da Google Analytics sono conservati da Google cos\u00ec come indicato nella Informativa reperibile al seguente link\u00a0<a href=\"https:\/\/developers.google.com\/analytics\/devguides\/collection\/analyticsjs\/cookie-usage\" rel=\"nofollow noopener\" target=\"_blank\">https:\/\/developers.google.com\/analytics\/devguides\/collection\/analyticsjs\/cookie-usage<\/a><br \/>\nPer consultare l\u2019informativa privacy della societ\u00e0 Google Inc., titolare autonomo del trattamento dei dati relativi al servizio Google Analytics, si rinvia al sito Internet\u00a0 <a href=\"http:\/\/www.google.com\/intl\/en\/analytics\/privacyoverview.html\" rel=\"nofollow noopener\" target=\"_blank\">http:\/\/www.google.com\/intl\/en\/analytics\/privacyoverview.html<\/a><br \/>\nAl seguente link\u00a0<a href=\"https:\/\/tools.google.com\/dlpage\/gaoptout?hl=it\" target=\"_blank\" rel=\"nofollow noopener\">https:\/\/tools.google.com\/dlpage\/gaoptout?hl=it<\/a>\u00a0\u00e8 inoltre reso disponibile da Google il componente aggiuntivo del browser per la disattivazione di Google Analytics.<\/p>\n<h2>Pulsanti e widget di social network<\/h2>\n<p>I Social buttons sono quei particolari \u201cpulsanti\u201d presenti sul sito che raffigurano le icone di social network (esempio, Facebook e Twitter) e consentono agli utenti che stanno navigando di interagire con un \u201cclick\u201d direttamente con le piattaforme social.<br \/>\nI social buttons utilizzati dal sito sono dei link che rinviano agli account del Titolare sui social network raffigurati. Si riportano comunque i link ove l\u2019utente pu\u00f2 prendere visione dell\u2019informativa privacy relativa alla gestione dei dati da parte dei Social cui i pulsanti rinviano.<br \/>\n<a href=\"https:\/\/support.twitter.com\/articles\/20170519-uso-dei-cookie-e-di-altre-tecnologie-simili-da-parte-di-twitter\" target=\"_blank\" rel=\"nofollow noopener\">https:\/\/support.twitter.com\/articles\/20170519-uso-dei-cookie-e-di-altre-tecnologie-simili-da-parte-di-twitter#<\/a><br \/>\n<a href=\"https:\/\/www.facebook.com\/help\/cookies\" target=\"_blank\" rel=\"nofollow noopener\">https:\/\/www.facebook.com\/help\/cookies<\/a><\/p>\n<h2>Modalit\u00e0 del trattamento<\/h2>\n<p>Il trattamento viene effettuato con strumenti automatizzati dal Titolare. Non viene effettuata alcuna diffusione o comunicazione.<\/p>\n<h2>Conferimento dei dati<\/h2>\n<p>Fatta eccezione per i cookie tecnici strettamente necessari alla normale navigazione, il conferimento dei dati \u00e8 rimesso alla volont\u00e0 dell\u2019interessato che decida di navigare sul sito dopo aver preso visione dell\u2019informativa breve contenuta nell\u2019apposito banner e di usufruire dei servizi che comportano l\u2019installazione di cookie (cos\u00ec per la condivisione dei contenuti tramite pulsanti social).<br \/>\nL\u2019interessato pu\u00f2 quindi evitare l\u2019installazione dei cookie mantenendo il banner (astenendosi quindi dal chiuderlo cliccando sul tasto \u201cOK\u201d), nonch\u00e9 \u00a0attraverso le apposite funzioni disponibili sul proprio browser.<\/p>\n<h2>Come disabilitare i cookie dalle impostazioni del browser<\/h2>\n<p>\u2013 Fermo restando quanto sopra indicato in ordine ai cookie strettamente necessari alla navigazione, l\u2019utente pu\u00f2 eliminare gli altri cookie attraverso la funzionalit\u00e0 a tal fine messa a disposizione dal Titolare tramite la presente informativa oppure direttamente tramite il proprio browser.<br \/>\nCiascun browser presenta procedure diverse per la gestione delle impostazioni. L\u2019utente pu\u00f2 ottenere istruzioni specifiche attraverso i seguenti link:<\/p>\n<ul>\n<li><strong><a href=\"http:\/\/windows.microsoft.com\/it-it\/windows7\/block-enable-or-allow-cookies\" rel=\"nofollow noopener\" target=\"_blank\">Microsoft Windows Explorer<\/a><\/strong><\/li>\n<li><strong><a href=\"https:\/\/support.google.com\/chrome\/bin\/answer.py?hl=it&amp;answer=95647&amp;p=cpn_cookies\" rel=\"nofollow noopener\" target=\"_blank\">Google Chrome\u00a0<\/a><\/strong><\/li>\n<li><strong><a href=\"http:\/\/support.mozilla.org\/it-IT\/kb\/Enabling%20and%20disabling%20cookies\" rel=\"nofollow noopener\" target=\"_blank\">Mozilla Firefox\u00a0<\/a><\/strong><\/li>\n<li><a href=\"http:\/\/support.apple.com\/kb\/PH17191?viewlocale=it_IT&amp;locale=it_IT\" rel=\"nofollow noopener\" target=\"_blank\"><strong>Apple Safari<\/strong><\/a><\/li>\n<\/ul>\n<p>\u2013 La disattivazione dei cookie di terze parti \u00e8 inoltre possibile attraverso le modalit\u00e0 rese disponibili direttamente dalla societ\u00e0 terza titolare per detto trattamento, come indicato ai link riportati nel paragrafo \u201ccookie di terze parti\u201d<br \/>\n\u2013 Per avere informazioni sui cookie archiviati sul proprio terminale e disattivarli singolarmente si rinvia al link:<a href=\"http:\/\/www.youronlinechoices.com\/it\/le-tue-scelte\" target=\"_blank\" rel=\"nofollow noopener\">\u00a0http:\/\/www.youronlinechoices.com\/it\/le-tue-scelte<\/a><\/p>\n<h2><strong>Come disabilitare i cookie di servizi di terzi<\/strong><\/h2>\n<ul>\n<li><a href=\"http:\/\/www.google.com\/ads\/preferences\/?hl=it\" rel=\"nofollow noopener\" target=\"_blank\"><strong>Servizi di Google<\/strong><\/a><\/li>\n<li><a href=\"https:\/\/www.facebook.com\/help\/cookies?ref_type=sitefooter\" rel=\"nofollow noopener\" target=\"_blank\"><strong>Facebook<\/strong><\/a><\/li>\n<li><a href=\"https:\/\/support.twitter.com\/articles\/20170519-uso-dei-cookie-e-di-altre-tecnologie-simili-da-parte-di-twitter\" target=\"_blank\" rel=\"nofollow noopener\"><strong>Twitter<\/strong><\/a><\/li>\n<\/ul>\n<p>Questa pagina \u00e8 visibile nel presente sito web ai sensi dell\u2019art. 122 secondo comma del D.lgs. 196\/2003 e a seguito delle modalit\u00e0 semplificate per l\u2019informativa e l\u2019acquisizione del consenso per l\u2019uso dei cookie pubblicata sulla Gazzetta Ufficiale n.126 del 3 giugno 2014 e relativo registro dei provvedimenti n.229 dell\u20198 maggio<\/p>\n","protected":false},"excerpt":{"rendered":"<p>Informativa estesa Cookies Con il presente documento, ai sensi degli artt. 13 e 122 del D. Lgs. 196\/2003 (\u201ccodice privacy\u201d) e del Provvedimento generale del Garante della privacy dell\u20198 maggio 2014, si fornisce agli utenti l\u2019informativa relativa ai cookie utilizzati dal sito web www.procivicos.it. Questa informativa \u00e8 raggiungibile da ogni punto del sito, mediante link [&hellip;]<\/p>\n","protected":false},"author":1,"featured_media":0,"parent":0,"menu_order":0,"comment_status":"closed","ping_status":"open","template":"","meta":{"site-sidebar-layout":"default","site-content-layout":"","ast-site-content-layout":"default","site-content-style":"default","site-sidebar-style":"default","ast-global-header-display":"","ast-banner-title-visibility":"","ast-main-header-display":"","ast-hfb-above-header-display":"","ast-hfb-below-header-display":"","ast-hfb-mobile-header-display":"","site-post-title":"","ast-breadcrumbs-content":"","ast-featured-img":"","footer-sml-layout":"","theme-transparent-header-meta":"","adv-header-id-meta":"","stick-header-meta":"","header-above-stick-meta":"","header-main-stick-meta":"","header-below-stick-meta":"","astra-migrate-meta-layouts":"default","ast-page-background-enabled":"default","ast-page-background-meta":{"desktop":{"background-color":"","background-image":"","background-repeat":"repeat","background-position":"center center","background-size":"auto","background-attachment":"scroll","background-type":"","background-media":"","overlay-type":"","overlay-color":"","overlay-opacity":"","overlay-gradient":""},"tablet":{"background-color":"","background-image":"","background-repeat":"repeat","background-position":"center center","background-size":"auto","background-attachment":"scroll","background-type":"","background-media":"","overlay-type":"","overlay-color":"","overlay-opacity":"","overlay-gradient":""},"mobile":{"background-color":"","background-image":"","background-repeat":"repeat","background-position":"center center","background-size":"auto","background-attachment":"scroll","background-type":"","background-media":"","overlay-type":"","overlay-color":"","overlay-opacity":"","overlay-gradient":""}},"ast-content-background-meta":{"desktop":{"background-color":"var(--ast-global-color-5)","background-image":"","background-repeat":"repeat","background-position":"center center","background-size":"auto","background-attachment":"scroll","background-type":"","background-media":"","overlay-type":"","overlay-color":"","overlay-opacity":"","overlay-gradient":""},"tablet":{"background-color":"var(--ast-global-color-5)","background-image":"","background-repeat":"repeat","background-position":"center center","background-size":"auto","background-attachment":"scroll","background-type":"","background-media":"","overlay-type":"","overlay-color":"","overlay-opacity":"","overlay-gradient":""},"mobile":{"background-color":"var(--ast-global-color-5)","background-image":"","background-repeat":"repeat","background-position":"center center","background-size":"auto","background-attachment":"scroll","background-type":"","background-media":"","overlay-type":"","overlay-color":"","overlay-opacity":"","overlay-gradient":""}},"footnotes":""},"class_list":["post-469","page","type-page","status-publish","hentry"],"_links":{"self":[{"href":"https:\/\/www.procivicos.it\/protezione-civile-scientology\/wp-json\/wp\/v2\/pages\/469"}],"collection":[{"href":"https:\/\/www.procivicos.it\/protezione-civile-scientology\/wp-json\/wp\/v2\/pages"}],"about":[{"href":"https:\/\/www.procivicos.it\/protezione-civile-scientology\/wp-json\/wp\/v2\/types\/page"}],"author":[{"embeddable":true,"href":"https:\/\/www.procivicos.it\/protezione-civile-scientology\/wp-json\/wp\/v2\/users\/1"}],"replies":[{"embeddable":true,"href":"https:\/\/www.procivicos.it\/protezione-civile-scientology\/wp-json\/wp\/v2\/comments?post=469"}],"version-history":[{"count":2,"href":"https:\/\/www.procivicos.it\/protezione-civile-scientology\/wp-json\/wp\/v2\/pages\/469\/revisions"}],"predecessor-version":[{"id":708,"href":"https:\/\/www.procivicos.it\/protezione-civile-scientology\/wp-json\/wp\/v2\/pages\/469\/revisions\/708"}],"wp:attachment":[{"href":"https:\/\/www.procivicos.it\/protezione-civile-scientology\/wp-json\/wp\/v2\/media?parent=469"}],"curies":[{"name":"wp","href":"https:\/\/api.w.org\/{rel}","templated":true}]}}