{"id":58,"date":"2014-04-07T17:42:33","date_gmt":"2014-04-07T15:42:33","guid":{"rendered":"https:\/\/www.procivicos.it\/protezione-civile-scientology\/?page_id=58"},"modified":"2023-04-29T21:36:34","modified_gmt":"2023-04-29T19:36:34","slug":"tsunami-sri-lanka-2005","status":"publish","type":"page","link":"https:\/\/www.procivicos.it\/protezione-civile-scientology\/attivita\/assistenza\/tsunami-sri-lanka-2005\/","title":{"rendered":"Tsunami Sri Lanka 2005"},"content":{"rendered":"<p style=\"text-align: center;\">Scientology: Hanno trascorso un mese portando aiuto alle popolazioni colpite dallo tsunami<br \/>\n<strong>I volontari sono tornati dallo Sri Lanka<\/strong><br \/>\n&#8220;Abbiamo lavorato duro e ringraziamo quella gente per la ricchezza che ci lasciano nel cuore&#8221;<\/p>\n<p>TORINO \u2013 Sono tornati da tre giorni dall&#8217;inferno dello Sri Lanka devastato dal maremoto ma hanno ancora negli occhi il calore di una popolazione della grandissima ricchezza spirituale. Sono i volontari di protezione civile della comunit\u00e0 di Scientology (PROCIVICOS) che nel sudest asiatico hanno trascorso quasi un mese portando aiuto e sollievo spirituale agli abitanti di un piccolo villaggio a pochi chilometri da Galle, cittadina a sud dello Sri Lanka. &#8220;Abbiamo condiviso il loro dolore e imparato ad apprezzare l&#8217;estrema dignit\u00e0 con la quale stanno superando il dramma \u2013 ha commentato Giuseppe Cicogna, uno dei volontari della protezione civile di Scientology (PROCIVICOS) \u2013 ma abbiamo anche lavorato molto, riso e giocato assieme. Siamo andati per fare e per dare qualcosa; certo, abbiamo aiutato ad allestire i campi profughi da una parte e portato sollievo morale e spirituale dall&#8217;altra collaborando con membri di altri gruppi, enti laici e religiosi di nazionalit\u00e0 e culture differenti. Continueremo a farlo nei mesi a venire, ma in fin dei conti, ci\u00f2 che stiamo ricevendo da un punto di vista umano e molto pi\u00f9 grande di ci\u00f2 che stiamo dando. Proprio per questo ringraziamo gli amici dello Sri Lanka&#8221;<\/p>\n<p>Fonte: Torino Cronaca\u00a0 del 3 Febbraio 2005<\/p>\n<p><a href=\"http:\/\/www.procivicos.it\/wp-content\/uploads\/2014\/04\/PROCIVICOS-E-SINDACO-GALLE_1.jpg\" target=\"_blank\" rel=\"noopener\"><img loading=\"lazy\" decoding=\"async\" class=\"alignnone wp-image-120 size-medium\" title=\"protezione civile scientology (procivicos)\" src=\"http:\/\/www.procivicos.it\/wp-content\/uploads\/2014\/04\/PROCIVICOS-E-SINDACO-GALLE_1-300x225.jpg\" alt=\"PROCIVICOS E SINDACO GALLE_1\" width=\"300\" height=\"225\" srcset=\"https:\/\/www.procivicos.it\/protezione-civile-scientology\/wp-content\/uploads\/2014\/04\/PROCIVICOS-E-SINDACO-GALLE_1-300x225.jpg 300w, https:\/\/www.procivicos.it\/protezione-civile-scientology\/wp-content\/uploads\/2014\/04\/PROCIVICOS-E-SINDACO-GALLE_1-200x150.jpg 200w, https:\/\/www.procivicos.it\/protezione-civile-scientology\/wp-content\/uploads\/2014\/04\/PROCIVICOS-E-SINDACO-GALLE_1-150x112.jpg 150w, https:\/\/www.procivicos.it\/protezione-civile-scientology\/wp-content\/uploads\/2014\/04\/PROCIVICOS-E-SINDACO-GALLE_1.jpg 768w\" sizes=\"(max-width: 300px) 100vw, 300px\" \/><\/a><a href=\"http:\/\/www.procivicos.it\/wp-content\/uploads\/2014\/04\/DSC02303.jpg\" target=\"_blank\" rel=\"noopener\"><img loading=\"lazy\" decoding=\"async\" class=\"alignnone wp-image-65 size-medium\" title=\"protezione civile scientology (procivicos)\" src=\"http:\/\/www.procivicos.it\/wp-content\/uploads\/2014\/04\/DSC02303-300x225.jpg\" alt=\"procivicos - protezione civile scientology\" width=\"300\" height=\"225\" srcset=\"https:\/\/www.procivicos.it\/protezione-civile-scientology\/wp-content\/uploads\/2014\/04\/DSC02303-300x225.jpg 300w, https:\/\/www.procivicos.it\/protezione-civile-scientology\/wp-content\/uploads\/2014\/04\/DSC02303-1024x768.jpg 1024w, https:\/\/www.procivicos.it\/protezione-civile-scientology\/wp-content\/uploads\/2014\/04\/DSC02303-200x150.jpg 200w, https:\/\/www.procivicos.it\/protezione-civile-scientology\/wp-content\/uploads\/2014\/04\/DSC02303-150x112.jpg 150w, https:\/\/www.procivicos.it\/protezione-civile-scientology\/wp-content\/uploads\/2014\/04\/DSC02303.jpg 1280w\" sizes=\"(max-width: 300px) 100vw, 300px\" \/><\/a> <a href=\"http:\/\/www.procivicos.it\/wp-content\/uploads\/2014\/04\/DSC02269.jpg\" target=\"_blank\" rel=\"noopener\"><img loading=\"lazy\" decoding=\"async\" class=\"alignnone wp-image-63 size-medium\" title=\"protezione civile scientology (procivicos)\" src=\"http:\/\/www.procivicos.it\/wp-content\/uploads\/2014\/04\/DSC02269-300x225.jpg\" alt=\"procivicos - protezione civile scientology\" width=\"300\" height=\"225\" srcset=\"https:\/\/www.procivicos.it\/protezione-civile-scientology\/wp-content\/uploads\/2014\/04\/DSC02269-300x225.jpg 300w, https:\/\/www.procivicos.it\/protezione-civile-scientology\/wp-content\/uploads\/2014\/04\/DSC02269-1024x768.jpg 1024w, https:\/\/www.procivicos.it\/protezione-civile-scientology\/wp-content\/uploads\/2014\/04\/DSC02269-200x150.jpg 200w, https:\/\/www.procivicos.it\/protezione-civile-scientology\/wp-content\/uploads\/2014\/04\/DSC02269-150x112.jpg 150w, https:\/\/www.procivicos.it\/protezione-civile-scientology\/wp-content\/uploads\/2014\/04\/DSC02269.jpg 1280w\" sizes=\"(max-width: 300px) 100vw, 300px\" \/><\/a> <a href=\"http:\/\/www.procivicos.it\/wp-content\/uploads\/2014\/04\/DSC02266.jpg\" target=\"_blank\" rel=\"noopener\"><img loading=\"lazy\" decoding=\"async\" class=\"alignnone wp-image-62 size-medium\" title=\"protezione civile scientology (procivicos)\" src=\"http:\/\/www.procivicos.it\/wp-content\/uploads\/2014\/04\/DSC02266-300x225.jpg\" alt=\"procivicos - protezione civile scientology\" width=\"300\" height=\"225\" srcset=\"https:\/\/www.procivicos.it\/protezione-civile-scientology\/wp-content\/uploads\/2014\/04\/DSC02266-300x225.jpg 300w, https:\/\/www.procivicos.it\/protezione-civile-scientology\/wp-content\/uploads\/2014\/04\/DSC02266-1024x768.jpg 1024w, https:\/\/www.procivicos.it\/protezione-civile-scientology\/wp-content\/uploads\/2014\/04\/DSC02266-200x150.jpg 200w, https:\/\/www.procivicos.it\/protezione-civile-scientology\/wp-content\/uploads\/2014\/04\/DSC02266-150x112.jpg 150w, https:\/\/www.procivicos.it\/protezione-civile-scientology\/wp-content\/uploads\/2014\/04\/DSC02266.jpg 1280w\" sizes=\"(max-width: 300px) 100vw, 300px\" \/><\/a> <a href=\"http:\/\/www.procivicos.it\/wp-content\/uploads\/2014\/04\/DSC02255.jpg\" target=\"_blank\" rel=\"noopener\"><img loading=\"lazy\" decoding=\"async\" class=\"alignnone wp-image-61 size-medium\" title=\"protezione civile scientology (procivicos) \" src=\"http:\/\/www.procivicos.it\/wp-content\/uploads\/2014\/04\/DSC02255-300x225.jpg\" alt=\"procivicos - protezione civile scientology\" width=\"300\" height=\"225\" srcset=\"https:\/\/www.procivicos.it\/protezione-civile-scientology\/wp-content\/uploads\/2014\/04\/DSC02255-300x225.jpg 300w, https:\/\/www.procivicos.it\/protezione-civile-scientology\/wp-content\/uploads\/2014\/04\/DSC02255-1024x768.jpg 1024w, https:\/\/www.procivicos.it\/protezione-civile-scientology\/wp-content\/uploads\/2014\/04\/DSC02255-200x150.jpg 200w, https:\/\/www.procivicos.it\/protezione-civile-scientology\/wp-content\/uploads\/2014\/04\/DSC02255-150x112.jpg 150w, https:\/\/www.procivicos.it\/protezione-civile-scientology\/wp-content\/uploads\/2014\/04\/DSC02255.jpg 1280w\" sizes=\"(max-width: 300px) 100vw, 300px\" \/><\/a> <a href=\"http:\/\/www.procivicos.it\/wp-content\/uploads\/2014\/04\/Torino-Cronaca-2005-02-03-srilanka-procivicos.jpg\" target=\"_blank\" rel=\"noopener\"><img loading=\"lazy\" decoding=\"async\" class=\"alignnone wp-image-67 size-medium\" title=\"protezione civile scientology (procivicos)\" src=\"http:\/\/www.procivicos.it\/wp-content\/uploads\/2014\/04\/Torino-Cronaca-2005-02-03-srilanka-procivicos-235x300.jpg\" alt=\"Torino Cronaca 2005-02-03 srilanka procivicos - protezione civile di scientology\" width=\"235\" height=\"300\" srcset=\"https:\/\/www.procivicos.it\/protezione-civile-scientology\/wp-content\/uploads\/2014\/04\/Torino-Cronaca-2005-02-03-srilanka-procivicos-235x300.jpg 235w, https:\/\/www.procivicos.it\/protezione-civile-scientology\/wp-content\/uploads\/2014\/04\/Torino-Cronaca-2005-02-03-srilanka-procivicos-117x150.jpg 117w, https:\/\/www.procivicos.it\/protezione-civile-scientology\/wp-content\/uploads\/2014\/04\/Torino-Cronaca-2005-02-03-srilanka-procivicos.jpg 755w\" sizes=\"(max-width: 235px) 100vw, 235px\" \/><\/a><\/p>\n","protected":false},"excerpt":{"rendered":"<p>Scientology: Hanno trascorso un mese portando aiuto alle popolazioni colpite dallo tsunami I volontari sono tornati dallo Sri Lanka &#8220;Abbiamo lavorato duro e ringraziamo quella gente per la ricchezza che ci lasciano nel cuore&#8221; TORINO \u2013 Sono tornati da tre giorni dall&#8217;inferno dello Sri Lanka devastato dal maremoto ma hanno ancora negli occhi il calore [&hellip;]<\/p>\n","protected":false},"author":1,"featured_media":0,"parent":1483,"menu_order":0,"comment_status":"closed","ping_status":"closed","template":"","meta":{"site-sidebar-layout":"default","site-content-layout":"","ast-site-content-layout":"default","site-content-style":"default","site-sidebar-style":"default","ast-global-header-display":"","ast-banner-title-visibility":"","ast-main-header-display":"","ast-hfb-above-header-display":"","ast-hfb-below-header-display":"","ast-hfb-mobile-header-display":"","site-post-title":"","ast-breadcrumbs-content":"","ast-featured-img":"","footer-sml-layout":"","theme-transparent-header-meta":"","adv-header-id-meta":"","stick-header-meta":"","header-above-stick-meta":"","header-main-stick-meta":"","header-below-stick-meta":"","astra-migrate-meta-layouts":"default","ast-page-background-enabled":"default","ast-page-background-meta":{"desktop":{"background-color":"","background-image":"","background-repeat":"repeat","background-position":"center center","background-size":"auto","background-attachment":"scroll","background-type":"","background-media":"","overlay-type":"","overlay-color":"","overlay-opacity":"","overlay-gradient":""},"tablet":{"background-color":"","background-image":"","background-repeat":"repeat","background-position":"center center","background-size":"auto","background-attachment":"scroll","background-type":"","background-media":"","overlay-type":"","overlay-color":"","overlay-opacity":"","overlay-gradient":""},"mobile":{"background-color":"","background-image":"","background-repeat":"repeat","background-position":"center center","background-size":"auto","background-attachment":"scroll","background-type":"","background-media":"","overlay-type":"","overlay-color":"","overlay-opacity":"","overlay-gradient":""}},"ast-content-background-meta":{"desktop":{"background-color":"var(--ast-global-color-5)","background-image":"","background-repeat":"repeat","background-position":"center center","background-size":"auto","background-attachment":"scroll","background-type":"","background-media":"","overlay-type":"","overlay-color":"","overlay-opacity":"","overlay-gradient":""},"tablet":{"background-color":"var(--ast-global-color-5)","background-image":"","background-repeat":"repeat","background-position":"center center","background-size":"auto","background-attachment":"scroll","background-type":"","background-media":"","overlay-type":"","overlay-color":"","overlay-opacity":"","overlay-gradient":""},"mobile":{"background-color":"var(--ast-global-color-5)","background-image":"","background-repeat":"repeat","background-position":"center center","background-size":"auto","background-attachment":"scroll","background-type":"","background-media":"","overlay-type":"","overlay-color":"","overlay-opacity":"","overlay-gradient":""}},"footnotes":""},"class_list":["post-58","page","type-page","status-publish","hentry"],"_links":{"self":[{"href":"https:\/\/www.procivicos.it\/protezione-civile-scientology\/wp-json\/wp\/v2\/pages\/58"}],"collection":[{"href":"https:\/\/www.procivicos.it\/protezione-civile-scientology\/wp-json\/wp\/v2\/pages"}],"about":[{"href":"https:\/\/www.procivicos.it\/protezione-civile-scientology\/wp-json\/wp\/v2\/types\/page"}],"author":[{"embeddable":true,"href":"https:\/\/www.procivicos.it\/protezione-civile-scientology\/wp-json\/wp\/v2\/users\/1"}],"replies":[{"embeddable":true,"href":"https:\/\/www.procivicos.it\/protezione-civile-scientology\/wp-json\/wp\/v2\/comments?post=58"}],"version-history":[{"count":16,"href":"https:\/\/www.procivicos.it\/protezione-civile-scientology\/wp-json\/wp\/v2\/pages\/58\/revisions"}],"predecessor-version":[{"id":1140,"href":"https:\/\/www.procivicos.it\/protezione-civile-scientology\/wp-json\/wp\/v2\/pages\/58\/revisions\/1140"}],"up":[{"embeddable":true,"href":"https:\/\/www.procivicos.it\/protezione-civile-scientology\/wp-json\/wp\/v2\/pages\/1483"}],"wp:attachment":[{"href":"https:\/\/www.procivicos.it\/protezione-civile-scientology\/wp-json\/wp\/v2\/media?parent=58"}],"curies":[{"name":"wp","href":"https:\/\/api.w.org\/{rel}","templated":true}]}}