{"id":84,"date":"2014-04-08T21:33:48","date_gmt":"2014-04-08T19:33:48","guid":{"rendered":"https:\/\/www.procivicos.it\/protezione-civile-scientology\/?page_id=84"},"modified":"2025-09-08T17:25:25","modified_gmt":"2025-09-08T15:25:25","slug":"statuto-sociale","status":"publish","type":"page","link":"https:\/\/www.procivicos.it\/protezione-civile-scientology\/chi-siamo\/statuto-sociale\/","title":{"rendered":"Statuto Sociale"},"content":{"rendered":"<p align=\"CENTER\"><span style=\"font-size: large;\"><span style=\"text-decoration: underline;\">Art. 1-COSTITUZIONE-SEDE<\/span><\/span><\/p>\n<p align=\"LEFT\">1.1 E&#8217; costituita una associazione denominata: Nuovo Rinascimento &#8211; Volontari di Protezione Civile della Comunit\u00e0 di Scientology \u2013 siglabile PRO.CIVI.CO.S.<\/p>\n<p align=\"LEFT\">1.2 L&#8217;associazione ha sede in Torino via Sansovino 244, e potr\u00e0 aprire sedi secondarie, sezioni e dipendenze sia in Italia che nell&#8217;ambito della Comunit\u00e0 facente parte dell&#8217;Unione Europea.<\/p>\n<p align=\"CENTER\"><span style=\"font-size: large;\"><span style=\"text-decoration: underline;\">Art.2 \u2013 SCOPO E OGGETTO SOCIALE<\/span><\/span><\/p>\n<p align=\"LEFT\"><span style=\"font-size: medium;\">2.1 L&#8217;associazione non ha scopo di lucro, \u00e8 apolitica, apartitica ed ha finalit\u00e0 esclusivamente umanitarie e solidaristiche. In particolare l&#8217;Associazione si propone di svolgere come attivit\u00e0 preminente obbiettivi di protezione civile, ossia: <\/span><\/p>\n<p align=\"LEFT\"><span style=\"font-size: medium;\">a) prestare soccorso in caso di disastri, collaborando con gli enti coordinanti le opere di soccorso attraverso contributi logistici (mezzi e materiali) e umani (operatori volontari e specialisti del settore).<\/span><\/p>\n<p align=\"LEFT\"><span style=\"font-size: medium;\">b) prestare soccorso alle persone coinvolte in disastri attraverso contributi logistici (mezzi e materiali) e umani (opere di assistenza e sostegno alle persone).<\/span><\/p>\n<p align=\"LEFT\"><span style=\"font-size: medium;\">c) svolgere opera di soccorso alle persone e collaborazione logistica con gli enti preposti al controllo, nel corso di fiere e manifestazioni civili.<\/span><\/p>\n<p align=\"LEFT\"><span style=\"font-size: medium;\">Inoltre l&#8217;Associazione si propone di svolgere come attivit\u00e0 secondaria obbiettivi di primo soccorso e assistenza alle persone.<\/span><\/p>\n<p align=\"LEFT\"><span style=\"font-size: medium;\">Essa \u00e8 costituita da persone liberamente associate e desiderose di tradurre in impegno concreto il loro senso etico, al fine di contribuire a migliorare le condizioni della societ\u00e0.<\/span><\/p>\n<p align=\"LEFT\"><span style=\"font-size: medium;\">2.2 L&#8217;associazione potr\u00e0 compiere qualsiasi operazione ritenuta opportuna per il conseguimento dell&#8217;oggetto sociale, compresa la compra-vendita e la permuta di immobili; la stipulazione di mutui, concessione di pegni o ipotetiche, sempre relativamente ai beni sociali, nonch\u00e9 l&#8217;accettazione di donazioni e lasciti.<\/span><\/p>\n<p align=\"LEFT\"><span style=\"font-size: medium;\">2.3 Pu\u00f2 produrre pubblicazioni e spettacoli, diffondere opuscoli e scritti, organizzare mostre, concerti, dibattiti e quanto altro ritenesse utile al raggiungimento del proprio scopo sociale.<\/span><\/p>\n<p align=\"LEFT\"><span style=\"font-size: medium;\">2.4 L&#8217;associazione cura i contatti diretti con il pubblico, enti e movimenti che abbiano scopi comuni o simili, e che comunque siano sensibili al raggiungimento degli stessi fini. <\/span><\/p>\n<p align=\"CENTER\"><span style=\"font-size: large;\"><span style=\"text-decoration: underline;\">Art.3 \u2013 DURATA<\/span><\/span><\/p>\n<p align=\"LEFT\"><span style=\"font-size: medium;\">3.1 L&#8217;Associazione ha durata illimitata<\/span><\/p>\n<p align=\"CENTER\"><span style=\"font-size: large;\"><span style=\"text-decoration: underline;\">Art. 4 &#8211; ASSOCIATI<\/span><\/span><\/p>\n<p align=\"LEFT\"><span style=\"font-size: medium;\">4.1 Possono essere associati tutti coloro che ne condividano e ne accettino le finalit\u00e0 e modi di attuazione e che svolgono effettivamente le attivit\u00e0 descritte dallo scopo e oggetto sociale dell&#8217;Associazione.<\/span><\/p>\n<p align=\"LEFT\"><span style=\"font-size: medium;\">4.2 Le ammissioni sono deliberate dal Consiglio di Amministrazione a maggioranza assoluta.<\/span><\/p>\n<p align=\"LEFT\"><span style=\"font-size: medium;\">4.3 Tutti i soci in regola con il versamento della quota sociale hanno l&#8217;elettorato attivo e passivo per tutte le cariche amministrative interne all&#8217;Associazione e il voto \u00e8 singolo ai sensi dell&#8217;art. 2532 del Codice Civile.<\/span><\/p>\n<p align=\"LEFT\"><span style=\"font-size: medium;\">4.4 Sono vietate categorie temporanee di soci o la partecipazione temporanea all&#8217;Associazione o ogni socio maggiorenne ha il diritto di esprimere il suo voto per l&#8217;approvazione e modificazione dello statuto e dei regolamenti e per la nomina degli organi direttivi dell&#8217;Associazione.<\/span><\/p>\n<p align=\"CENTER\"><span style=\"font-size: large;\"><span style=\"text-decoration: underline;\">Art. 5 \u2013 DECADENZA, ESCLUSIONE, RINUNCIA<\/span><\/span><\/p>\n<p align=\"LEFT\"><span style=\"font-size: medium;\">5.1 Il socio che contravviene ai doveri e scopi stabiliti dallo statuto pu\u00f2 essere escluso dall&#8217;Associazione<\/span><\/p>\n<p align=\"LEFT\"><span style=\"font-size: medium;\">5.2 La decadenza e\/o l&#8217;esclusione da associato \u00e8 deliberata dalla maggioranza del Consiglio di Amministrazione con voto segreto.<\/span><\/p>\n<p align=\"CENTER\"><span style=\"font-size: large;\"><span style=\"text-decoration: underline;\">Art. 6 \u2013 ASSOCIATO ONORARIO<\/span><\/span><\/p>\n<p align=\"LEFT\"><span style=\"font-size: medium;\">6.1 L&#8217;associazione pu\u00f2 conferire la qualifica di associato onorario a chi abbia particolari benemerenze, a discrezione del Consiglio di Amministrazione.<\/span><\/p>\n<p align=\"CENTER\"><span style=\"font-size: large;\"><span style=\"text-decoration: underline;\">Art. 7 \u2013 ORGANI DELL&#8217;ASSOCIAZIONE<\/span><\/span><\/p>\n<p align=\"LEFT\"><span style=\"font-size: medium;\">7.1 Sono organi dell&#8217;Associazione:<\/span><\/p>\n<p align=\"LEFT\"><span style=\"font-size: medium;\">a. l&#8217;Assemblea degli associati<\/span><\/p>\n<p align=\"LEFT\"><span style=\"font-size: medium;\">b. Il Consiglio di Amministrazione <\/span><\/p>\n<p align=\"LEFT\"><span style=\"font-size: medium;\">c. Il Presidente<\/span><\/p>\n<p align=\"CENTER\"><span style=\"font-size: large;\"><span style=\"text-decoration: underline;\">Art. 8 \u2013 RETRIBUZIONE<\/span><\/span><\/p>\n<p align=\"LEFT\"><span style=\"font-size: medium;\">8.1 Tutti i soci dell&#8217;Associazione svolgono la propria attivit\u00e0 in modo personale, spontaneo e gratuito, senza fini di lucro.<\/span><\/p>\n<p align=\"LEFT\"><span style=\"font-size: medium;\">8.2 Nessuna carica pu\u00f2 essere retribuita. Il Consiglio d&#8217;Amministrazione pu\u00f2 stabilire rimborso delle spese sostenute dagli associati incaricati di svolgere qualsiasi attivit\u00e0 in nome e per conto dell&#8217;Associazione.<\/span><\/p>\n<p align=\"CENTER\"><span style=\"font-size: large;\"><span style=\"text-decoration: underline;\">Art. 9 \u2013 CONVOCAZIONE DELL&#8217;ASSEMBLEA <\/span><\/span><\/p>\n<p align=\"LEFT\"><span style=\"font-size: medium;\">9.1 L&#8217;Assemblea, composta da tutti gli associati, \u00e8 convocata dal Presidente con comunicazione scritta almeno sette giorni prima della data fissata, devono essere comunicati anche i punti che saranno trattati all&#8217;ordine del giorno.<\/span><\/p>\n<p align=\"LEFT\"><span style=\"font-size: medium;\">9.2 L&#8217;assemblea degli associati si riunisce almeno una volta all&#8217;anno. I suoi compiti sono:<\/span><\/p>\n<p align=\"LEFT\"><span style=\"font-size: medium;\">a. approvare i bilanci preventivo e consuntivo;<\/span><\/p>\n<p align=\"LEFT\"><span style=\"font-size: medium;\">b. discutere e approvare il programma annuale formulato da Consiglio di Amministrazione;<\/span><\/p>\n<p align=\"LEFT\"><span style=\"font-size: medium;\">c. approvare regolamenti interni proposti dal Consiglio di Amministrazione;<\/span><\/p>\n<p align=\"LEFT\"><span style=\"font-size: medium;\">d. eleggere i componenti del Consiglio di Amministrazione;<\/span><\/p>\n<p align=\"LEFT\"><span style=\"font-size: medium;\">9.3 L&#8217;Assemblea si riunisce in seduta straordinaria su richiesta del Presidente o di un terzo dei membri del Consiglio di Amministrazione o di un terzo degli associati.<\/span><\/p>\n<p align=\"CENTER\"><span style=\"font-size: large;\"><span style=\"text-decoration: underline;\">Art. 10 \u2013 DELIBERAZIONI DELL&#8217;ASSEMBLEA <\/span><\/span><\/p>\n<p align=\"LEFT\"><span style=\"font-size: medium;\">10.1 Le assemblee in prima convocazione sono valide con la presenza di almeno la met\u00e0 pi\u00f9 uno degli associati iscritti e in seconda convocazione qualunque sia il numero degli associati presenti.<\/span><\/p>\n<p align=\"CENTER\"><span style=\"font-size: large;\"><span style=\"text-decoration: underline;\">Art. 11 \u2013 AMMINISTRAZIONE<\/span><\/span><\/p>\n<p align=\"LEFT\"><span style=\"font-size: medium;\">11.1 L&#8217;Associazione \u00e8 amministrata da un Consiglio di Amministrazione composto da un numero di membri variabili da tre a sette. Di volta in volta fissato dall&#8217;assemblea. L&#8217;assemblea con una prima votazione elegger\u00e0 il Presidente. In caso di dimissioni o decesso di un consigliere, il Consiglio alla prima riunione provvede alla sua sostituzione chiedendone la convalida alla prima assemblea annuale.<\/span><\/p>\n<p align=\"LEFT\"><span style=\"font-size: medium;\">Nessun compenso \u00e8 dovuto ai membri del Consiglio. Le cariche del Presidente e Consigliere sono incompatibili con la posizione di dipendente dell&#8217;Associazione. Il Consiglio si riunisce tutte le volte che il Presidente lo ritenga necessario o che ne sia fatta richiesta da almeno due dei suoi membri e comunque almeno una volta all&#8217;anno per deliberare in ordine al consuntivo ed alle quote sociali. Per la validit\u00e0 delle deliberazioni occorre la presenza effettiva della maggioranza dei membri dei membri del Consiglio ed il voto favorevole della maggioranza dei presenti, in caso di parit\u00e0 prevale il voto di chi presiede. Il Consiglio \u00e8 presieduto dal Presidente, in sua assenza del Vice Presidente. Il Consiglio \u00e8 investito dei pi\u00f9 ampi poteri per la gestione ordinaria e straordinaria dell&#8217;Associazione senza limitazioni. Il Consiglio dura in carica fino a revoca o dimissioni.<\/span><\/p>\n<p align=\"LEFT\"><span style=\"font-size: medium;\">Il Presidente rappresenta legalmente l&#8217;Associazione nei confronti de terzi ed in giudizio, cura l&#8217;esecuzione dei deliberati dell&#8217;Assemblea e del Consiglio, nei casi di urgenza, pu\u00f2 esercitare i poteri del Consiglio, salvo ratifica da parte di questo alla prima riunione.<\/span><\/p>\n<p align=\"CENTER\"><span style=\"font-size: large;\"><span style=\"text-decoration: underline;\">Art. 12 \u2013 MEZZI FINANZIARI E BILANCIO<\/span><\/span><\/p>\n<p align=\"LEFT\"><span style=\"font-size: medium;\">12.1 Le entrate dell&#8217;Associazione sono costituite:<\/span><\/p>\n<p align=\"LEFT\"><span style=\"font-size: medium;\">a. dalle quote sociali;<\/span><\/p>\n<p align=\"LEFT\"><span style=\"font-size: medium;\">b. da donazioni, lasciti, eredit\u00e0, legati e contributi da Stato, Comuni, Province e Regioni;<\/span><\/p>\n<p align=\"LEFT\"><span style=\"font-size: medium;\">c. da ogni altra entrata che concorra ad incrementare l&#8217;attivo sociale.<\/span><\/p>\n<p align=\"LEFT\"><span style=\"font-size: medium;\">12.2 Le quote associative sono date a fondo perduto ed esse, come tutte le contribuzioni rese all&#8217;Associazione, sono in trasmissibili anche mortis causa e non sono in nessun motivo rivalutabili.<\/span><\/p>\n<p align=\"LEFT\"><span style=\"font-size: medium;\">12.3 I documenti di bilancio dell&#8217;associazione sono annuali. Il bilancio consuntivo contiene tutte le entrate intervenute (siano queste contribuzioni o lasciti ricevuti), i bene dell&#8217;Associazione e le spese sostenute relative all&#8217;anno trascorso. Il bilancio preventivo contiene le previsioni di spesa e di entrata per l&#8217;esercizio annuale successivo.<\/span><\/p>\n<p align=\"LEFT\"><span style=\"font-size: medium;\">12.4 il bilancio consuntivo e preventivo sono approvati dall&#8217;Assemblea dei soci con voto palese e con la maggiornanza assoluta dei presenti ai sensi dell&#8217;art. 21 del Codice Civile, e deve essere approvato entro il 30 giunio di ciascun anno successivo all&#8217;anno di esercizio.<\/span><\/p>\n<p align=\"LEFT\"><span style=\"font-size: medium;\">12.5 E&#8217; vietato distribuire anche in modo indiretto, utili o avanzati di gestione nonch\u00e9 fondi, riserve o capitale, durante la vita dell&#8217;associazione, salvo che la destinazione o la distribuzione non siano imposte per legge.<\/span><\/p>\n<p align=\"LEFT\"><span style=\"font-size: medium;\">12.6 La chiusura dell&#8217;esercizio coincide con l&#8217;anno solare<\/span><\/p>\n<p align=\"CENTER\"><span style=\"font-size: large;\"><span style=\"text-decoration: underline;\">Art. 13 \u2013 SCIOGLIMENTO<\/span><\/span><\/p>\n<p align=\"LEFT\"><span style=\"font-size: medium;\">13.1 Lo scioglimento dell&#8217;Associacione \u00e8 deliberato dall&#8217;Assemblea con il voto favorevole di almeno tre quarti dei soci.<\/span><\/p>\n<p align=\"LEFT\"><span style=\"font-size: medium;\">13.2 E&#8217; confermato l&#8217;obbligo di devolvere il patrimonio dell&#8217;ente, in caso di suo scioglimento per qualunque causa, ad altra associazione con finalit\u00e0 anaoghe o a fini di pubblica utilit\u00e0, setito l&#8217;organismo di controllo di cui all&#8217;art. 3 comma 190, della legge 23 Dicembre 1996, n.662, salvo diversa destinazione imposta dalla legge.<\/span><\/p>\n<p align=\"CENTER\"><span style=\"font-size: large;\"><span style=\"text-decoration: underline;\">Art. 14 \u2013 CONTROVERSIE<\/span><\/span><\/p>\n<p align=\"LEFT\"><span style=\"font-size: medium;\">14.1 Tutte le eventuali controversie sociali tra associati e tra questi e l&#8217;Associazione o i soci organi, saranno sottoposte, con esclusione di ogni altra giurisdizione, alla competenza di tre Arbitri dei quali uno ciascuno nominato dalle parti e il terzo nominato dai due. Gli Arbitri nominati possono essere membri dell&#8217;Associazione, devono per\u00f2 condividerne gli scopi e attivit\u00e0. Una volta nominato, il collegio arbitrale ha tempo 15 giorni per deliberare sulla controversia. Il lodo sar\u00e0 appellabile.<\/span><\/p>\n","protected":false},"excerpt":{"rendered":"<p>Art. 1-COSTITUZIONE-SEDE 1.1 E&#8217; costituita una associazione denominata: Nuovo Rinascimento &#8211; Volontari di Protezione Civile della Comunit\u00e0 di Scientology \u2013 siglabile PRO.CIVI.CO.S. 1.2 L&#8217;associazione ha sede in Torino via Sansovino 244, e potr\u00e0 aprire sedi secondarie, sezioni e dipendenze sia in Italia che nell&#8217;ambito della Comunit\u00e0 facente parte dell&#8217;Unione Europea. Art.2 \u2013 SCOPO E OGGETTO [&hellip;]<\/p>\n","protected":false},"author":1,"featured_media":0,"parent":5,"menu_order":0,"comment_status":"closed","ping_status":"closed","template":"","meta":{"site-sidebar-layout":"default","site-content-layout":"","ast-site-content-layout":"default","site-content-style":"default","site-sidebar-style":"default","ast-global-header-display":"","ast-banner-title-visibility":"","ast-main-header-display":"","ast-hfb-above-header-display":"","ast-hfb-below-header-display":"","ast-hfb-mobile-header-display":"","site-post-title":"","ast-breadcrumbs-content":"","ast-featured-img":"","footer-sml-layout":"","theme-transparent-header-meta":"","adv-header-id-meta":"","stick-header-meta":"","header-above-stick-meta":"","header-main-stick-meta":"","header-below-stick-meta":"","astra-migrate-meta-layouts":"set","ast-page-background-enabled":"default","ast-page-background-meta":{"desktop":{"background-color":"","background-image":"","background-repeat":"repeat","background-position":"center center","background-size":"auto","background-attachment":"scroll","background-type":"","background-media":"","overlay-type":"","overlay-color":"","overlay-opacity":"","overlay-gradient":""},"tablet":{"background-color":"","background-image":"","background-repeat":"repeat","background-position":"center center","background-size":"auto","background-attachment":"scroll","background-type":"","background-media":"","overlay-type":"","overlay-color":"","overlay-opacity":"","overlay-gradient":""},"mobile":{"background-color":"","background-image":"","background-repeat":"repeat","background-position":"center center","background-size":"auto","background-attachment":"scroll","background-type":"","background-media":"","overlay-type":"","overlay-color":"","overlay-opacity":"","overlay-gradient":""}},"ast-content-background-meta":{"desktop":{"background-color":"var(--ast-global-color-5)","background-image":"","background-repeat":"repeat","background-position":"center center","background-size":"auto","background-attachment":"scroll","background-type":"","background-media":"","overlay-type":"","overlay-color":"","overlay-opacity":"","overlay-gradient":""},"tablet":{"background-color":"var(--ast-global-color-5)","background-image":"","background-repeat":"repeat","background-position":"center center","background-size":"auto","background-attachment":"scroll","background-type":"","background-media":"","overlay-type":"","overlay-color":"","overlay-opacity":"","overlay-gradient":""},"mobile":{"background-color":"var(--ast-global-color-5)","background-image":"","background-repeat":"repeat","background-position":"center center","background-size":"auto","background-attachment":"scroll","background-type":"","background-media":"","overlay-type":"","overlay-color":"","overlay-opacity":"","overlay-gradient":""}},"footnotes":""},"class_list":["post-84","page","type-page","status-publish","hentry"],"_links":{"self":[{"href":"https:\/\/www.procivicos.it\/protezione-civile-scientology\/wp-json\/wp\/v2\/pages\/84"}],"collection":[{"href":"https:\/\/www.procivicos.it\/protezione-civile-scientology\/wp-json\/wp\/v2\/pages"}],"about":[{"href":"https:\/\/www.procivicos.it\/protezione-civile-scientology\/wp-json\/wp\/v2\/types\/page"}],"author":[{"embeddable":true,"href":"https:\/\/www.procivicos.it\/protezione-civile-scientology\/wp-json\/wp\/v2\/users\/1"}],"replies":[{"embeddable":true,"href":"https:\/\/www.procivicos.it\/protezione-civile-scientology\/wp-json\/wp\/v2\/comments?post=84"}],"version-history":[{"count":8,"href":"https:\/\/www.procivicos.it\/protezione-civile-scientology\/wp-json\/wp\/v2\/pages\/84\/revisions"}],"predecessor-version":[{"id":1800,"href":"https:\/\/www.procivicos.it\/protezione-civile-scientology\/wp-json\/wp\/v2\/pages\/84\/revisions\/1800"}],"up":[{"embeddable":true,"href":"https:\/\/www.procivicos.it\/protezione-civile-scientology\/wp-json\/wp\/v2\/pages\/5"}],"wp:attachment":[{"href":"https:\/\/www.procivicos.it\/protezione-civile-scientology\/wp-json\/wp\/v2\/media?parent=84"}],"curies":[{"name":"wp","href":"https:\/\/api.w.org\/{rel}","templated":true}]}}